{"id":5,"date":"2022-09-02T18:09:33","date_gmt":"2022-09-02T16:09:33","guid":{"rendered":"https:\/\/jonzac-hautesaintonge-accueil.com\/?page_id=5"},"modified":"2026-04-17T10:54:30","modified_gmt":"2026-04-17T08:54:30","slug":"accueil","status":"publish","type":"page","link":"https:\/\/jonzac-hautesaintonge-accueil.com\/","title":{"rendered":"Bienvenue"},"content":{"rendered":"\n<p><strong><mark style=\"background-color:rgba(0, 0, 0, 0)\" class=\"has-inline-color has-vivid-red-color\">Soyez attentifs, entre le 20 et 30 avril \u00e0 la radio Ici la Rochelle, il sera \u00e9voqu\u00e9 la bourse aux plantes de JONZAC <\/mark><\/strong><\/p>\n\n\n\n<figure class=\"wp-block-image size-large\"><img loading=\"lazy\" decoding=\"async\" width=\"724\" height=\"1024\" src=\"https:\/\/jonzac-hautesaintonge-accueil.com\/wp-content\/uploads\/2026\/04\/proposition-bourse-aux-plantes-2026-12-bis--724x1024.jpg\" alt=\"\" class=\"wp-image-4741\" srcset=\"https:\/\/jonzac-hautesaintonge-accueil.com\/wp-content\/uploads\/2026\/04\/proposition-bourse-aux-plantes-2026-12-bis--724x1024.jpg 724w, https:\/\/jonzac-hautesaintonge-accueil.com\/wp-content\/uploads\/2026\/04\/proposition-bourse-aux-plantes-2026-12-bis--212x300.jpg 212w, https:\/\/jonzac-hautesaintonge-accueil.com\/wp-content\/uploads\/2026\/04\/proposition-bourse-aux-plantes-2026-12-bis--768x1086.jpg 768w, https:\/\/jonzac-hautesaintonge-accueil.com\/wp-content\/uploads\/2026\/04\/proposition-bourse-aux-plantes-2026-12-bis--1086x1536.jpg 1086w, https:\/\/jonzac-hautesaintonge-accueil.com\/wp-content\/uploads\/2026\/04\/proposition-bourse-aux-plantes-2026-12-bis--1448x2048.jpg 1448w, https:\/\/jonzac-hautesaintonge-accueil.com\/wp-content\/uploads\/2026\/04\/proposition-bourse-aux-plantes-2026-12-bis--scaled.jpg 1810w\" sizes=\"auto, (max-width: 724px) 100vw, 724px\" \/><\/figure>\n\n\n\n\n\n\n<p><strong>Jonzac Haute-Saintonge Accueil <\/strong>est une association ouverte \u00e0 tous pour partager des moments de convivialit\u00e9 entre habitants, nouveaux arrivants, touristes et curistes.<\/p>\n\n\n\n<p>De nombreuses activit\u00e9s sont propos\u00e9es : randonn\u00e9es, aquagym, cours de langues (anglais &amp; espagnol), jeux de soci\u00e9t\u00e9.<\/p>\n\n\n\n<p><strong>Une permanence est ouverte les lundis de 15h \u00e0 17h.<\/strong><\/p>\n\n\n\n<hr class=\"wp-block-separator has-alpha-channel-opacity is-style-wide\"\/>\n\n\n\n<div class=\"wp-block-columns is-layout-flex wp-container-core-columns-is-layout-9d6595d7 wp-block-columns-is-layout-flex\">\n<div class=\"wp-block-column is-layout-flow wp-block-column-is-layout-flow\"><div class=\"wp-block-image\">\n<figure class=\"aligncenter size-full is-resized\"><img loading=\"lazy\" decoding=\"async\" width=\"612\" height=\"449\" src=\"http:\/\/jonzac-hautesaintonge-accueil.com\/wp-content\/uploads\/2022\/09\/stgermain15.jpg\" alt=\"\" class=\"wp-image-500\" style=\"width:233px;height:169px\" srcset=\"https:\/\/jonzac-hautesaintonge-accueil.com\/wp-content\/uploads\/2022\/09\/stgermain15.jpg 612w, https:\/\/jonzac-hautesaintonge-accueil.com\/wp-content\/uploads\/2022\/09\/stgermain15-300x220.jpg 300w\" sizes=\"auto, (max-width: 612px) 100vw, 612px\" \/><\/figure>\n<\/div>\n\n\n<p class=\"has-text-align-center\"><a href=\"https:\/\/jonzac-hautesaintonge-accueil.com\/index.php\/randonnees\/\" data-type=\"page\" data-id=\"8\">Randonn\u00e9es<\/a><\/p>\n<\/div>\n\n\n\n<div class=\"wp-block-column is-layout-flow wp-block-column-is-layout-flow\"><div class=\"wp-block-image\">\n<figure class=\"aligncenter size-large is-resized\"><img loading=\"lazy\" decoding=\"async\" width=\"1024\" height=\"819\" src=\"http:\/\/jonzac-hautesaintonge-accueil.com\/wp-content\/uploads\/2022\/09\/aquagym5bis-1024x819.jpg\" alt=\"\" class=\"wp-image-462\" style=\"width:215px;height:171px\" srcset=\"https:\/\/jonzac-hautesaintonge-accueil.com\/wp-content\/uploads\/2022\/09\/aquagym5bis-1024x819.jpg 1024w, https:\/\/jonzac-hautesaintonge-accueil.com\/wp-content\/uploads\/2022\/09\/aquagym5bis-300x240.jpg 300w, https:\/\/jonzac-hautesaintonge-accueil.com\/wp-content\/uploads\/2022\/09\/aquagym5bis-768x614.jpg 768w, https:\/\/jonzac-hautesaintonge-accueil.com\/wp-content\/uploads\/2022\/09\/aquagym5bis.jpg 1254w\" sizes=\"auto, (max-width: 767px) 89vw, (max-width: 1000px) 54vw, (max-width: 1071px) 543px, 580px\" \/><\/figure>\n<\/div>\n\n\n<p class=\"has-text-align-center\"><a href=\"https:\/\/jonzac-hautesaintonge-accueil.com\/index.php\/aquagym\/\" data-type=\"page\" data-id=\"14\">Aquagym<\/a><\/p>\n<\/div>\n<\/div>\n\n\n\n<div class=\"wp-block-columns is-layout-flex wp-container-core-columns-is-layout-9d6595d7 wp-block-columns-is-layout-flex\">\n<div class=\"wp-block-column is-layout-flow wp-block-column-is-layout-flow\"><div class=\"wp-block-image\">\n<figure class=\"aligncenter size-full\"><img loading=\"lazy\" decoding=\"async\" width=\"217\" height=\"162\" src=\"http:\/\/jonzac-hautesaintonge-accueil.com\/wp-content\/uploads\/2022\/09\/vignette_jeux.jpg\" alt=\"\" class=\"wp-image-99\"\/><\/figure>\n<\/div>\n\n\n<p class=\"has-text-align-center\"><a href=\"https:\/\/jonzac-hautesaintonge-accueil.com\/index.php\/jeux-de-societe\/\" data-type=\"page\" data-id=\"10\">Jeux de soci\u00e9t\u00e9<\/a><\/p>\n<\/div>\n\n\n\n<div class=\"wp-block-column is-layout-flow wp-block-column-is-layout-flow\"><div class=\"wp-block-image\">\n<figure class=\"aligncenter size-full\"><img loading=\"lazy\" decoding=\"async\" width=\"217\" height=\"162\" src=\"http:\/\/jonzac-hautesaintonge-accueil.com\/wp-content\/uploads\/2022\/09\/vignette_cours.jpg\" alt=\"\" class=\"wp-image-98\"\/><\/figure>\n<\/div>\n\n\n<p class=\"has-text-align-center\"><a href=\"https:\/\/jonzac-hautesaintonge-accueil.com\/index.php\/cours-de-langue\/\" data-type=\"page\" data-id=\"16\">Cours de langue<\/a><\/p>\n<\/div>\n<\/div>\n\n\n\n<div class=\"wp-block-columns is-layout-flex wp-container-core-columns-is-layout-9d6595d7 wp-block-columns-is-layout-flex\">\n<div class=\"wp-block-column is-layout-flow wp-block-column-is-layout-flow\"><div class=\"wp-block-image\">\n<figure class=\"aligncenter size-full is-resized\"><img loading=\"lazy\" decoding=\"async\" width=\"328\" height=\"153\" src=\"http:\/\/jonzac-hautesaintonge-accueil.com\/wp-content\/uploads\/2025\/08\/images.jpg\" alt=\"\" class=\"wp-image-4146\" style=\"width:234px;height:auto\" srcset=\"https:\/\/jonzac-hautesaintonge-accueil.com\/wp-content\/uploads\/2025\/08\/images.jpg 328w, https:\/\/jonzac-hautesaintonge-accueil.com\/wp-content\/uploads\/2025\/08\/images-300x140.jpg 300w\" sizes=\"auto, (max-width: 328px) 100vw, 328px\" \/><\/figure>\n<\/div>\n\n\n<p class=\"has-text-align-center\"><a href=\"https:\/\/jonzac-hautesaintonge-accueil.com\/index.php\/gymnastique\/\">Gymnastique<\/a><\/p>\n<\/div>\n\n\n\n<div class=\"wp-block-column is-layout-flow wp-block-column-is-layout-flow\"><div class=\"wp-block-image\">\n<figure class=\"aligncenter size-full is-resized\"><img loading=\"lazy\" decoding=\"async\" width=\"277\" height=\"184\" src=\"http:\/\/jonzac-hautesaintonge-accueil.com\/wp-content\/uploads\/2025\/09\/petanque2.webp\" alt=\"\" class=\"wp-image-4180\" style=\"width:163px;height:auto\"\/><\/figure>\n<\/div>\n\n\n<p class=\"has-text-align-center\"><a href=\"https:\/\/jonzac-hautesaintonge-accueil.com\/wp-admin\/post.php?post=4264&amp;action=edit\">P\u00e9tanque<\/a><\/p>\n<\/div>\n<\/div>\n\n\n\n<hr class=\"wp-block-separator has-alpha-channel-opacity is-style-wide\"\/>\n\n\n\n<p><strong>Bureau <\/strong><br>Le pr\u00e9sident : Mr Elie GERVREAU<br>Le vice pr\u00e9sident : Mr Alain PITON <br>Le secr\u00e9tariat avec Mme Anne ESPIN secr\u00e9taire adjointe <br>Le tr\u00e9sorier : Mr Jean-Claude GUEGAN<br>La tr\u00e9sori\u00e8re adjointe : Mme Madeleine PERRIN<\/p>\n\n\n\n<p><strong>Conseil d&rsquo;administration<br><\/strong>Mme Maryl\u00e8ne AMAT<br>Mr Philippe AUBRE<br>Mr Gilbert BELLAND<br>Mr Guy COLART<br>Mme Aline DERLOT<br>Mr Jean-Yves MOTUT<br>Mme Annick PAVEE<br>Mr Bernard RIVALLAND<br>Mme Corinne VARELLA<br>Mme Betty VILLEMIN<\/p>\n\n\n\n<hr class=\"wp-block-separator has-alpha-channel-opacity\"\/>\n\n\n\n<p><em><strong>Couverture assurances<br><\/strong>N&rsquo;oubliez pas que pour participer  aux cours d&rsquo;Aquagym et de gymnastique volontaire , il vous faut un certificat m\u00e9dical de l&rsquo;ann\u00e9e. <br>Une carte d&rsquo;adh\u00e9sion valable pour une ann\u00e9e ( de septembre \u00e0 septembre ) sera \u00e9tablie et elle pourra vous \u00eatre demand\u00e9e par vos Animatrices(eurs).<br>Merci de votre compr\u00e9hension.<br>Elie Gervreau , pr\u00e9sident de l&rsquo;association <strong>Jonzac Haute Saintonge Accueil<\/strong><\/em><\/p>\n","protected":false},"excerpt":{"rendered":"<p>Soyez attentifs, entre le 20 et 30 avril \u00e0 la radio Ici la Rochelle, il sera \u00e9voqu\u00e9 la bourse aux plantes de JONZAC Jonzac Haute-Saintonge Accueil est une association ouverte \u00e0 tous pour partager des moments de convivialit\u00e9 entre habitants, nouveaux arrivants, touristes et curistes. De nombreuses activit\u00e9s sont propos\u00e9es : randonn\u00e9es, aquagym, cours de &hellip; <\/p>\n<p class=\"link-more\"><a href=\"https:\/\/jonzac-hautesaintonge-accueil.com\/\" class=\"more-link\">Continuer la lecture<span class=\"screen-reader-text\"> de &laquo;&nbsp;Bienvenue&nbsp;&raquo;<\/span><\/a><\/p>\n","protected":false},"author":1,"featured_media":0,"parent":0,"menu_order":0,"comment_status":"closed","ping_status":"closed","template":"","meta":{"footnotes":""},"class_list":["post-5","page","type-page","status-publish","hentry"],"yoast_head":"<!-- This site is optimized with the Yoast SEO plugin v27.1.1 - https:\/\/yoast.com\/product\/yoast-seo-wordpress\/ -->\n<title>Bienvenue - Jonzac Haute~Saintonge Accueil<\/title>\n<meta name=\"description\" content=\"Jonzac Haute-Saintonge Accueil est une association ouverte \u00e0 tous pour partager des moments de convivialit\u00e9 entre habitants, nouveaux arrivants, touristes et curistes.\" \/>\n<meta name=\"robots\" content=\"index, follow, max-snippet:-1, max-image-preview:large, max-video-preview:-1\" \/>\n<link rel=\"canonical\" href=\"https:\/\/jonzac-hautesaintonge-accueil.com\/\" \/>\n<meta property=\"og:locale\" content=\"fr_FR\" \/>\n<meta property=\"og:type\" content=\"article\" \/>\n<meta property=\"og:title\" content=\"Jonzac Haute-Saintonge Accueil\" \/>\n<meta property=\"og:description\" content=\"Jonzac Haute-Saintonge Accueil est une association ouverte \u00e0 tous pour partager des moments de convivialit\u00e9 entre habitants, nouveaux arrivants, touristes et curistes.\" \/>\n<meta property=\"og:url\" content=\"https:\/\/jonzac-hautesaintonge-accueil.com\/\" \/>\n<meta property=\"og:site_name\" content=\"Jonzac Haute~Saintonge Accueil\" \/>\n<meta property=\"article:modified_time\" content=\"2026-04-17T08:54:30+00:00\" \/>\n<meta property=\"og:image\" content=\"http:\/\/jonzac-hautesaintonge-accueil.com\/wp-content\/uploads\/2022\/10\/office-de-tourisme-de-jonzac-logo-160518794262-1.png\" \/>\n\t<meta property=\"og:image:width\" content=\"200\" \/>\n\t<meta property=\"og:image:height\" content=\"204\" \/>\n\t<meta property=\"og:image:type\" content=\"image\/png\" \/>\n<meta name=\"twitter:card\" content=\"summary_large_image\" \/>\n<meta name=\"twitter:title\" content=\"Jonzac Haute-Saintonge Accueil\" \/>\n<meta name=\"twitter:description\" content=\"Jonzac Haute-Saintonge Accueil est une association ouverte \u00e0 tous pour partager des moments de convivialit\u00e9 entre habitants, nouveaux arrivants, touristes et curistes.\" \/>\n<meta name=\"twitter:image\" content=\"https:\/\/jonzac-hautesaintonge-accueil.com\/wp-content\/uploads\/2022\/10\/office-de-tourisme-de-jonzac-logo-160518794262-1.png\" \/>\n<meta name=\"twitter:label1\" content=\"Dur\u00e9e de lecture estim\u00e9e\" \/>\n\t<meta name=\"twitter:data1\" content=\"3 minutes\" \/>\n<script type=\"application\/ld+json\" class=\"yoast-schema-graph\">{\"@context\":\"https:\/\/schema.org\",\"@graph\":[{\"@type\":\"WebPage\",\"@id\":\"https:\/\/jonzac-hautesaintonge-accueil.com\/\",\"url\":\"https:\/\/jonzac-hautesaintonge-accueil.com\/\",\"name\":\"Bienvenue - Jonzac Haute~Saintonge Accueil\",\"isPartOf\":{\"@id\":\"https:\/\/jonzac-hautesaintonge-accueil.com\/#website\"},\"primaryImageOfPage\":{\"@id\":\"https:\/\/jonzac-hautesaintonge-accueil.com\/#primaryimage\"},\"image\":{\"@id\":\"https:\/\/jonzac-hautesaintonge-accueil.com\/#primaryimage\"},\"thumbnailUrl\":\"https:\/\/jonzac-hautesaintonge-accueil.com\/wp-content\/uploads\/2026\/04\/proposition-bourse-aux-plantes-2026-12-bis--724x1024.jpg\",\"datePublished\":\"2022-09-02T16:09:33+00:00\",\"dateModified\":\"2026-04-17T08:54:30+00:00\",\"description\":\"Jonzac Haute-Saintonge Accueil est une association ouverte \u00e0 tous pour partager des moments de convivialit\u00e9 entre habitants, nouveaux arrivants, touristes et curistes.\",\"breadcrumb\":{\"@id\":\"https:\/\/jonzac-hautesaintonge-accueil.com\/#breadcrumb\"},\"inLanguage\":\"fr-FR\",\"potentialAction\":[{\"@type\":\"ReadAction\",\"target\":[\"https:\/\/jonzac-hautesaintonge-accueil.com\/\"]}]},{\"@type\":\"ImageObject\",\"inLanguage\":\"fr-FR\",\"@id\":\"https:\/\/jonzac-hautesaintonge-accueil.com\/#primaryimage\",\"url\":\"https:\/\/jonzac-hautesaintonge-accueil.com\/wp-content\/uploads\/2026\/04\/proposition-bourse-aux-plantes-2026-12-bis--scaled.jpg\",\"contentUrl\":\"https:\/\/jonzac-hautesaintonge-accueil.com\/wp-content\/uploads\/2026\/04\/proposition-bourse-aux-plantes-2026-12-bis--scaled.jpg\",\"width\":1810,\"height\":2560},{\"@type\":\"BreadcrumbList\",\"@id\":\"https:\/\/jonzac-hautesaintonge-accueil.com\/#breadcrumb\",\"itemListElement\":[{\"@type\":\"ListItem\",\"position\":1,\"name\":\"Accueil\",\"item\":\"https:\/\/jonzac-hautesaintonge-accueil.com\/\"},{\"@type\":\"ListItem\",\"position\":2,\"name\":\"Bienvenue\"}]},{\"@type\":\"WebSite\",\"@id\":\"https:\/\/jonzac-hautesaintonge-accueil.com\/#website\",\"url\":\"https:\/\/jonzac-hautesaintonge-accueil.com\/\",\"name\":\"Jonzac Haute~Saintonge Accueil\",\"description\":\"\",\"publisher\":{\"@id\":\"https:\/\/jonzac-hautesaintonge-accueil.com\/#organization\"},\"potentialAction\":[{\"@type\":\"SearchAction\",\"target\":{\"@type\":\"EntryPoint\",\"urlTemplate\":\"https:\/\/jonzac-hautesaintonge-accueil.com\/?s={search_term_string}\"},\"query-input\":{\"@type\":\"PropertyValueSpecification\",\"valueRequired\":true,\"valueName\":\"search_term_string\"}}],\"inLanguage\":\"fr-FR\"},{\"@type\":\"Organization\",\"@id\":\"https:\/\/jonzac-hautesaintonge-accueil.com\/#organization\",\"name\":\"Jonzac Haute~Saintonge Accueil\",\"url\":\"https:\/\/jonzac-hautesaintonge-accueil.com\/\",\"logo\":{\"@type\":\"ImageObject\",\"inLanguage\":\"fr-FR\",\"@id\":\"https:\/\/jonzac-hautesaintonge-accueil.com\/#\/schema\/logo\/image\/\",\"url\":\"http:\/\/jonzac-hautesaintonge-accueil.com\/wp-content\/uploads\/2022\/10\/office-de-tourisme-de-jonzac-logo-160518794262-1.png\",\"contentUrl\":\"http:\/\/jonzac-hautesaintonge-accueil.com\/wp-content\/uploads\/2022\/10\/office-de-tourisme-de-jonzac-logo-160518794262-1.png\",\"width\":200,\"height\":204,\"caption\":\"Jonzac Haute~Saintonge Accueil\"},\"image\":{\"@id\":\"https:\/\/jonzac-hautesaintonge-accueil.com\/#\/schema\/logo\/image\/\"}}]}<\/script>\n<!-- \/ Yoast SEO plugin. -->","yoast_head_json":{"title":"Bienvenue - Jonzac Haute~Saintonge Accueil","description":"Jonzac Haute-Saintonge Accueil est une association ouverte \u00e0 tous pour partager des moments de convivialit\u00e9 entre habitants, nouveaux arrivants, touristes et curistes.","robots":{"index":"index","follow":"follow","max-snippet":"max-snippet:-1","max-image-preview":"max-image-preview:large","max-video-preview":"max-video-preview:-1"},"canonical":"https:\/\/jonzac-hautesaintonge-accueil.com\/","og_locale":"fr_FR","og_type":"article","og_title":"Jonzac Haute-Saintonge Accueil","og_description":"Jonzac Haute-Saintonge Accueil est une association ouverte \u00e0 tous pour partager des moments de convivialit\u00e9 entre habitants, nouveaux arrivants, touristes et curistes.","og_url":"https:\/\/jonzac-hautesaintonge-accueil.com\/","og_site_name":"Jonzac Haute~Saintonge Accueil","article_modified_time":"2026-04-17T08:54:30+00:00","og_image":[{"width":200,"height":204,"url":"http:\/\/jonzac-hautesaintonge-accueil.com\/wp-content\/uploads\/2022\/10\/office-de-tourisme-de-jonzac-logo-160518794262-1.png","type":"image\/png"}],"twitter_card":"summary_large_image","twitter_title":"Jonzac Haute-Saintonge Accueil","twitter_description":"Jonzac Haute-Saintonge Accueil est une association ouverte \u00e0 tous pour partager des moments de convivialit\u00e9 entre habitants, nouveaux arrivants, touristes et curistes.","twitter_image":"https:\/\/jonzac-hautesaintonge-accueil.com\/wp-content\/uploads\/2022\/10\/office-de-tourisme-de-jonzac-logo-160518794262-1.png","twitter_misc":{"Dur\u00e9e de lecture estim\u00e9e":"3 minutes"},"schema":{"@context":"https:\/\/schema.org","@graph":[{"@type":"WebPage","@id":"https:\/\/jonzac-hautesaintonge-accueil.com\/","url":"https:\/\/jonzac-hautesaintonge-accueil.com\/","name":"Bienvenue - Jonzac Haute~Saintonge Accueil","isPartOf":{"@id":"https:\/\/jonzac-hautesaintonge-accueil.com\/#website"},"primaryImageOfPage":{"@id":"https:\/\/jonzac-hautesaintonge-accueil.com\/#primaryimage"},"image":{"@id":"https:\/\/jonzac-hautesaintonge-accueil.com\/#primaryimage"},"thumbnailUrl":"https:\/\/jonzac-hautesaintonge-accueil.com\/wp-content\/uploads\/2026\/04\/proposition-bourse-aux-plantes-2026-12-bis--724x1024.jpg","datePublished":"2022-09-02T16:09:33+00:00","dateModified":"2026-04-17T08:54:30+00:00","description":"Jonzac Haute-Saintonge Accueil est une association ouverte \u00e0 tous pour partager des moments de convivialit\u00e9 entre habitants, nouveaux arrivants, touristes et curistes.","breadcrumb":{"@id":"https:\/\/jonzac-hautesaintonge-accueil.com\/#breadcrumb"},"inLanguage":"fr-FR","potentialAction":[{"@type":"ReadAction","target":["https:\/\/jonzac-hautesaintonge-accueil.com\/"]}]},{"@type":"ImageObject","inLanguage":"fr-FR","@id":"https:\/\/jonzac-hautesaintonge-accueil.com\/#primaryimage","url":"https:\/\/jonzac-hautesaintonge-accueil.com\/wp-content\/uploads\/2026\/04\/proposition-bourse-aux-plantes-2026-12-bis--scaled.jpg","contentUrl":"https:\/\/jonzac-hautesaintonge-accueil.com\/wp-content\/uploads\/2026\/04\/proposition-bourse-aux-plantes-2026-12-bis--scaled.jpg","width":1810,"height":2560},{"@type":"BreadcrumbList","@id":"https:\/\/jonzac-hautesaintonge-accueil.com\/#breadcrumb","itemListElement":[{"@type":"ListItem","position":1,"name":"Accueil","item":"https:\/\/jonzac-hautesaintonge-accueil.com\/"},{"@type":"ListItem","position":2,"name":"Bienvenue"}]},{"@type":"WebSite","@id":"https:\/\/jonzac-hautesaintonge-accueil.com\/#website","url":"https:\/\/jonzac-hautesaintonge-accueil.com\/","name":"Jonzac Haute~Saintonge Accueil","description":"","publisher":{"@id":"https:\/\/jonzac-hautesaintonge-accueil.com\/#organization"},"potentialAction":[{"@type":"SearchAction","target":{"@type":"EntryPoint","urlTemplate":"https:\/\/jonzac-hautesaintonge-accueil.com\/?s={search_term_string}"},"query-input":{"@type":"PropertyValueSpecification","valueRequired":true,"valueName":"search_term_string"}}],"inLanguage":"fr-FR"},{"@type":"Organization","@id":"https:\/\/jonzac-hautesaintonge-accueil.com\/#organization","name":"Jonzac Haute~Saintonge Accueil","url":"https:\/\/jonzac-hautesaintonge-accueil.com\/","logo":{"@type":"ImageObject","inLanguage":"fr-FR","@id":"https:\/\/jonzac-hautesaintonge-accueil.com\/#\/schema\/logo\/image\/","url":"http:\/\/jonzac-hautesaintonge-accueil.com\/wp-content\/uploads\/2022\/10\/office-de-tourisme-de-jonzac-logo-160518794262-1.png","contentUrl":"http:\/\/jonzac-hautesaintonge-accueil.com\/wp-content\/uploads\/2022\/10\/office-de-tourisme-de-jonzac-logo-160518794262-1.png","width":200,"height":204,"caption":"Jonzac Haute~Saintonge Accueil"},"image":{"@id":"https:\/\/jonzac-hautesaintonge-accueil.com\/#\/schema\/logo\/image\/"}}]}},"_links":{"self":[{"href":"https:\/\/jonzac-hautesaintonge-accueil.com\/index.php\/wp-json\/wp\/v2\/pages\/5","targetHints":{"allow":["GET"]}}],"collection":[{"href":"https:\/\/jonzac-hautesaintonge-accueil.com\/index.php\/wp-json\/wp\/v2\/pages"}],"about":[{"href":"https:\/\/jonzac-hautesaintonge-accueil.com\/index.php\/wp-json\/wp\/v2\/types\/page"}],"author":[{"embeddable":true,"href":"https:\/\/jonzac-hautesaintonge-accueil.com\/index.php\/wp-json\/wp\/v2\/users\/1"}],"replies":[{"embeddable":true,"href":"https:\/\/jonzac-hautesaintonge-accueil.com\/index.php\/wp-json\/wp\/v2\/comments?post=5"}],"version-history":[{"count":231,"href":"https:\/\/jonzac-hautesaintonge-accueil.com\/index.php\/wp-json\/wp\/v2\/pages\/5\/revisions"}],"predecessor-version":[{"id":4754,"href":"https:\/\/jonzac-hautesaintonge-accueil.com\/index.php\/wp-json\/wp\/v2\/pages\/5\/revisions\/4754"}],"wp:attachment":[{"href":"https:\/\/jonzac-hautesaintonge-accueil.com\/index.php\/wp-json\/wp\/v2\/media?parent=5"}],"curies":[{"name":"wp","href":"https:\/\/api.w.org\/{rel}","templated":true}]}}