{"id":35,"date":"2022-09-02T18:34:09","date_gmt":"2022-09-02T16:34:09","guid":{"rendered":"http:\/\/jonzac-hautesaintonge-accueil.com\/?page_id=35"},"modified":"2024-02-09T16:19:30","modified_gmt":"2024-02-09T15:19:30","slug":"contact","status":"publish","type":"page","link":"https:\/\/jonzac-hautesaintonge-accueil.com\/index.php\/contact\/","title":{"rendered":"Contact &#038; Partenaires"},"content":{"rendered":"\n<p>Pour nous contacter :<\/p>\n\n\n\n<div class=\"wpcf7 no-js\" id=\"wpcf7-f2460-o1\" lang=\"fr-FR\" dir=\"ltr\" data-wpcf7-id=\"2460\">\n<div class=\"screen-reader-response\"><p role=\"status\" aria-live=\"polite\" aria-atomic=\"true\"><\/p> <ul><\/ul><\/div>\n<form action=\"\/index.php\/wp-json\/wp\/v2\/pages\/35#wpcf7-f2460-o1\" method=\"post\" class=\"wpcf7-form init\" aria-label=\"Formulaire de contact\" novalidate=\"novalidate\" data-status=\"init\">\n<fieldset class=\"hidden-fields-container\"><input type=\"hidden\" name=\"_wpcf7\" value=\"2460\" \/><input type=\"hidden\" name=\"_wpcf7_version\" value=\"6.1.5\" \/><input type=\"hidden\" name=\"_wpcf7_locale\" value=\"fr_FR\" \/><input type=\"hidden\" name=\"_wpcf7_unit_tag\" value=\"wpcf7-f2460-o1\" \/><input type=\"hidden\" name=\"_wpcf7_container_post\" value=\"0\" \/><input type=\"hidden\" name=\"_wpcf7_posted_data_hash\" value=\"\" \/>\n<\/fieldset>\n<p><label> Votre nom<br \/>\n<span class=\"wpcf7-form-control-wrap\" data-name=\"your-name\"><input size=\"40\" maxlength=\"400\" class=\"wpcf7-form-control wpcf7-text wpcf7-validates-as-required\" autocomplete=\"name\" aria-required=\"true\" aria-invalid=\"false\" value=\"\" type=\"text\" name=\"your-name\" \/><\/span> <\/label>\n<\/p>\n<p><label> Votre e-mail<br \/>\n<span class=\"wpcf7-form-control-wrap\" data-name=\"your-email\"><input size=\"40\" maxlength=\"400\" class=\"wpcf7-form-control wpcf7-email wpcf7-validates-as-required wpcf7-text wpcf7-validates-as-email\" autocomplete=\"email\" aria-required=\"true\" aria-invalid=\"false\" value=\"\" type=\"email\" name=\"your-email\" \/><\/span> <\/label>\n<\/p>\n<p><label> Objet<br \/>\n<span class=\"wpcf7-form-control-wrap\" data-name=\"your-subject\"><input size=\"40\" maxlength=\"400\" class=\"wpcf7-form-control wpcf7-text wpcf7-validates-as-required\" aria-required=\"true\" aria-invalid=\"false\" value=\"\" type=\"text\" name=\"your-subject\" \/><\/span> <\/label>\n<\/p>\n<p><label> Votre message<br \/>\n<span class=\"wpcf7-form-control-wrap\" data-name=\"your-message\"><textarea cols=\"40\" rows=\"10\" maxlength=\"2000\" class=\"wpcf7-form-control wpcf7-textarea wpcf7-validates-as-required\" aria-required=\"true\" aria-invalid=\"false\" name=\"your-message\"><\/textarea><\/span> <\/label>\n<\/p>\n<p><input class=\"wpcf7-form-control wpcf7-submit has-spinner\" type=\"submit\" value=\"Envoyer\" \/>\n<\/p><div class=\"wpcf7-response-output\" aria-hidden=\"true\"><\/div>\n<\/form>\n<\/div>\n\n\n\n\n<div class=\"wp-block-columns are-vertically-aligned-center is-layout-flex wp-container-core-columns-is-layout-9d6595d7 wp-block-columns-is-layout-flex\">\n<div class=\"wp-block-column is-vertically-aligned-center is-layout-flow wp-block-column-is-layout-flow\" style=\"flex-basis:100%\">\n<div class=\"wp-block-columns is-layout-flex wp-container-core-columns-is-layout-9d6595d7 wp-block-columns-is-layout-flex\">\n<div class=\"wp-block-column is-layout-flow wp-block-column-is-layout-flow\">\n<p><br><strong>JONZAC HAUTE-SAINTONGE ACCUEIL<\/strong><br><br>41, rue des Carmes<br>17500 Jonzac<br><br><a href=\"mailto:jonzac.hautesaintonge.accueil@gmail.com\">jonzac.hautesaintonge.accueil@gmail.com<\/a><br><a href=\"tel:0546480160\">05 46 48 01 60<\/a><\/p>\n<\/div>\n\n\n\n<div class=\"wp-block-column is-layout-flow wp-block-column-is-layout-flow\">\n<figure class=\"wp-block-image size-full\"><img loading=\"lazy\" decoding=\"async\" width=\"679\" height=\"416\" src=\"https:\/\/jonzac-hautesaintonge-accueil.com\/wp-content\/uploads\/2022\/09\/emotionheader_1-1.jpg\" alt=\"\" class=\"wp-image-157\" srcset=\"https:\/\/jonzac-hautesaintonge-accueil.com\/wp-content\/uploads\/2022\/09\/emotionheader_1-1.jpg 679w, https:\/\/jonzac-hautesaintonge-accueil.com\/wp-content\/uploads\/2022\/09\/emotionheader_1-1-300x184.jpg 300w\" sizes=\"auto, (max-width: 679px) 100vw, 679px\" \/><\/figure>\n<\/div>\n<\/div>\n<\/div>\n<\/div>\n\n\n\n<hr class=\"wp-block-separator has-alpha-channel-opacity is-style-wide\"\/>\n\n\n\n<p><strong>Nos partenaires et adresses utiles <\/strong><\/p>\n\n\n\n<div class=\"wp-block-columns is-layout-flex wp-container-core-columns-is-layout-9d6595d7 wp-block-columns-is-layout-flex\">\n<div class=\"wp-block-column is-layout-flow wp-block-column-is-layout-flow\" style=\"flex-basis:33.33%\"><div class=\"wp-block-image\">\n<figure class=\"aligncenter size-full\"><a href=\"https:\/\/www.jonzac-haute-saintonge.com\/\" target=\"_blank\" rel=\"noreferrer noopener\"><img loading=\"lazy\" decoding=\"async\" width=\"96\" height=\"96\" src=\"http:\/\/jonzac-hautesaintonge-accueil.com\/wp-content\/uploads\/2022\/09\/favicon-96x96-1.png\" alt=\"\" class=\"wp-image-71\"\/><\/a><\/figure>\n<\/div><\/div>\n\n\n\n<div class=\"wp-block-column is-layout-flow wp-block-column-is-layout-flow\" style=\"flex-basis:66.66%\">\n<p><strong>Office de tourisme de Jonzac Haute-Saintonge<\/strong><br>Sant\u00e9, d\u00e9tente, visites, balades, partage, d\u00e9couvertes, fl\u00e2neries ou encore d\u00e9gustations. Il existe tant d\u2019\u00e9motions pour vivre un terroir et faire le plein d\u2019\u00e9nergie.<br><a rel=\"noreferrer noopener\" href=\"https:\/\/www.jonzac-haute-saintonge.com\/\" data-type=\"URL\" data-id=\"https:\/\/www.jonzac-haute-saintonge.com\/\" target=\"_blank\"><em>En savoir plus<\/em><\/a><\/p>\n<\/div>\n<\/div>\n\n\n\n<hr class=\"wp-block-separator has-alpha-channel-opacity\"\/>\n\n\n\n<div class=\"wp-block-columns is-layout-flex wp-container-core-columns-is-layout-9d6595d7 wp-block-columns-is-layout-flex\">\n<div class=\"wp-block-column is-layout-flow wp-block-column-is-layout-flow\" style=\"flex-basis:33.33%\"><div class=\"wp-block-image\">\n<figure class=\"aligncenter size-large is-resized\"><img loading=\"lazy\" decoding=\"async\" width=\"851\" height=\"1024\" src=\"http:\/\/jonzac-hautesaintonge-accueil.com\/wp-content\/uploads\/2022\/09\/cache_2481372750-e1662269398903-851x1024.png\" alt=\"\" class=\"wp-image-161\" style=\"width:177px;height:212px\"\/><\/figure>\n<\/div><\/div>\n\n\n\n<div class=\"wp-block-column is-layout-flow wp-block-column-is-layout-flow\" style=\"flex-basis:66.66%\">\n<p><strong>M\u00e9diath\u00e8que de Haute-Saintonge<br><\/strong>Ouverte depuis 2007, la m\u00e9diath\u00e8que de Haute-Saintonge est la plus importante du territoire.<br>Il est possible de consulter ou emprunter quelques 57 000 ouvrages (enfance, jeunesse, bandes dessin\u00e9es, romans, documentaires, presses&#8230;), huit ordinateurs sont disponibles pour consulter internet et des animations sont propos\u00e9s tout au long de l&rsquo;ann\u00e9e.<br><em><a href=\"http:\/\/mediatheques-haute-saintonge.com\/medias\/\"><\/a><a href=\"https:\/\/www.mediatheques-haute-saintonge.com\/\" target=\"_blank\" rel=\"noreferrer noopener\"><em>En savoir plus<\/em><\/a><\/em><\/p>\n<\/div>\n<\/div>\n\n\n\n<hr class=\"wp-block-separator has-alpha-channel-opacity\"\/>\n\n\n\n<div class=\"wp-block-columns is-layout-flex wp-container-core-columns-is-layout-9d6595d7 wp-block-columns-is-layout-flex\">\n<div class=\"wp-block-column is-layout-flow wp-block-column-is-layout-flow\" style=\"flex-basis:33.33%\"><div class=\"wp-block-image\">\n<figure class=\"aligncenter size-full is-resized\"><img loading=\"lazy\" decoding=\"async\" width=\"800\" height=\"450\" src=\"https:\/\/jonzac-hautesaintonge-accueil.com\/wp-content\/uploads\/2022\/09\/resize_image_dnc.jpg\" alt=\"\" class=\"wp-image-162\" style=\"width:182px;height:102px\" srcset=\"https:\/\/jonzac-hautesaintonge-accueil.com\/wp-content\/uploads\/2022\/09\/resize_image_dnc.jpg 800w, https:\/\/jonzac-hautesaintonge-accueil.com\/wp-content\/uploads\/2022\/09\/resize_image_dnc-300x169.jpg 300w, https:\/\/jonzac-hautesaintonge-accueil.com\/wp-content\/uploads\/2022\/09\/resize_image_dnc-768x432.jpg 768w\" sizes=\"auto, (max-width: 767px) 89vw, (max-width: 1000px) 54vw, (max-width: 1071px) 543px, 580px\" \/><\/figure>\n<\/div><\/div>\n\n\n\n<div class=\"wp-block-column is-layout-flow wp-block-column-is-layout-flow\" style=\"flex-basis:66.66%\">\n<p><strong>Cin\u00e9ma Familia<\/strong><br>\u00c0 la pointe de la technologie num\u00e9rique et de la 3D, le cin\u00e9ma Familia vous accueille dans l&rsquo;une ou l&rsquo;autre de ses deux salles.<br><em><a href=\"http:\/\/cinema-familia.fr\/\"><\/a><a href=\"http:\/\/cinema-familia.fr\/\" data-type=\"URL\" target=\"_blank\" rel=\"noreferrer noopener\"><em>En savoir plus<\/em><\/a><\/em><\/p>\n<\/div>\n<\/div>\n\n\n\n<hr class=\"wp-block-separator has-alpha-channel-opacity\"\/>\n\n\n\n<div class=\"wp-block-columns is-layout-flex wp-container-core-columns-is-layout-9d6595d7 wp-block-columns-is-layout-flex\">\n<div class=\"wp-block-column is-layout-flow wp-block-column-is-layout-flow\" style=\"flex-basis:33.33%\"><div class=\"wp-block-image\">\n<figure class=\"aligncenter size-full is-resized\"><img loading=\"lazy\" decoding=\"async\" width=\"768\" height=\"576\" src=\"https:\/\/jonzac-hautesaintonge-accueil.com\/wp-content\/uploads\/2022\/09\/DSCF1455_thermes_min.jpg\" alt=\"\" class=\"wp-image-164\" style=\"width:179px;height:134px\" srcset=\"https:\/\/jonzac-hautesaintonge-accueil.com\/wp-content\/uploads\/2022\/09\/DSCF1455_thermes_min.jpg 768w, https:\/\/jonzac-hautesaintonge-accueil.com\/wp-content\/uploads\/2022\/09\/DSCF1455_thermes_min-300x225.jpg 300w\" sizes=\"auto, (max-width: 767px) 89vw, (max-width: 1000px) 54vw, (max-width: 1071px) 543px, 580px\" \/><\/figure>\n<\/div><\/div>\n\n\n\n<div class=\"wp-block-column is-layout-flow wp-block-column-is-layout-flow\" style=\"flex-basis:66.66%\">\n<p><strong>Cure Thermale de Jonzac<br><\/strong>Au c\u0153ur de la Saintonge, sous le soleil du midi atlantique o\u00f9 l\u2019oc\u00e9an tout proche lui conf\u00e8re une remarquable douceur, l\u2019\u00e9tablissement thermal de Jonzac vous invite \u00e0 d\u00e9couvrir ses thermes troglodytiques.<br><em><a href=\"https:\/\/www.jonzac-haute-saintonge.com\/thematique\/thermalisme\/\">En savoir plus<\/a><\/em><\/p>\n<\/div>\n<\/div>\n\n\n\n<hr class=\"wp-block-separator has-alpha-channel-opacity\"\/>\n\n\n\n<div class=\"wp-block-columns is-layout-flex wp-container-core-columns-is-layout-9d6595d7 wp-block-columns-is-layout-flex\">\n<div class=\"wp-block-column is-layout-flow wp-block-column-is-layout-flow\" style=\"flex-basis:33.33%\"><div class=\"wp-block-image\">\n<figure class=\"aligncenter size-large is-resized\"><img loading=\"lazy\" decoding=\"async\" width=\"1024\" height=\"1008\" src=\"https:\/\/jonzac-hautesaintonge-accueil.com\/wp-content\/uploads\/2022\/09\/Logo_Charente_Maritime.svg_-1024x1008.png\" alt=\"\" class=\"wp-image-166\" style=\"width:118px;height:115px\" srcset=\"https:\/\/jonzac-hautesaintonge-accueil.com\/wp-content\/uploads\/2022\/09\/Logo_Charente_Maritime.svg_-1024x1008.png 1024w, https:\/\/jonzac-hautesaintonge-accueil.com\/wp-content\/uploads\/2022\/09\/Logo_Charente_Maritime.svg_-300x295.png 300w, https:\/\/jonzac-hautesaintonge-accueil.com\/wp-content\/uploads\/2022\/09\/Logo_Charente_Maritime.svg_-768x756.png 768w, https:\/\/jonzac-hautesaintonge-accueil.com\/wp-content\/uploads\/2022\/09\/Logo_Charente_Maritime.svg_.png 1040w\" sizes=\"auto, (max-width: 767px) 89vw, (max-width: 1000px) 54vw, (max-width: 1071px) 543px, 580px\" \/><\/figure>\n<\/div><\/div>\n\n\n\n<div class=\"wp-block-column is-layout-flow wp-block-column-is-layout-flow\" style=\"flex-basis:66.66%\">\n<p><strong>La Charente-Maritime<\/strong><br>Se ressourcer au bord de l\u2019Oc\u00e9an Atlantique, sillonner un vignoble du cognac l\u00e9gendaire, visiter un patrimoine class\u00e9, fl\u00e2ner dans nos villages de charme, profiter de grandes balades \u00e0 v\u00e9lo gr\u00e2ce \u00e0 nos itin\u00e9raires cyclables&#8230;<br><em><a href=\"https:\/\/la.charente-maritime.fr\/\">En savoir plus<\/a><\/em><\/p>\n<\/div>\n<\/div>\n","protected":false},"excerpt":{"rendered":"<p>Pour nous contacter : JONZAC HAUTE-SAINTONGE ACCUEIL 41, rue des Carmes17500 Jonzac jonzac.hautesaintonge.accueil@gmail.com05 46 48 01 60 Nos partenaires et adresses utiles Office de tourisme de Jonzac Haute-SaintongeSant\u00e9, d\u00e9tente, visites, balades, partage, d\u00e9couvertes, fl\u00e2neries ou encore d\u00e9gustations. Il existe tant d\u2019\u00e9motions pour vivre un terroir et faire le plein d\u2019\u00e9nergie.En savoir plus M\u00e9diath\u00e8que de Haute-SaintongeOuverte &hellip; <\/p>\n<p class=\"link-more\"><a href=\"https:\/\/jonzac-hautesaintonge-accueil.com\/index.php\/contact\/\" class=\"more-link\">Continuer la lecture<span class=\"screen-reader-text\"> de &laquo;&nbsp;Contact &#038; Partenaires&nbsp;&raquo;<\/span><\/a><\/p>\n","protected":false},"author":1,"featured_media":0,"parent":0,"menu_order":0,"comment_status":"closed","ping_status":"closed","template":"","meta":{"footnotes":""},"class_list":["post-35","page","type-page","status-publish","hentry"],"yoast_head":"<!-- This site is optimized with the Yoast SEO plugin v27.1.1 - https:\/\/yoast.com\/product\/yoast-seo-wordpress\/ -->\n<title>Contact &amp; Partenaires - Jonzac Haute~Saintonge Accueil<\/title>\n<meta name=\"description\" content=\"Jonzac Haute-Saintonge Accueil, contactez-nous\" \/>\n<meta name=\"robots\" content=\"index, follow, max-snippet:-1, max-image-preview:large, max-video-preview:-1\" \/>\n<link rel=\"canonical\" href=\"https:\/\/jonzac-hautesaintonge-accueil.com\/index.php\/contact\/\" \/>\n<meta property=\"og:locale\" content=\"fr_FR\" \/>\n<meta property=\"og:type\" content=\"article\" \/>\n<meta property=\"og:title\" content=\"Jonzac Haute-Saintonge Accueil\" \/>\n<meta property=\"og:description\" content=\"Jonzac Haute-Saintonge Accueil, contactez-nous\" \/>\n<meta property=\"og:url\" content=\"https:\/\/jonzac-hautesaintonge-accueil.com\/index.php\/contact\/\" \/>\n<meta property=\"og:site_name\" content=\"Jonzac Haute~Saintonge Accueil\" \/>\n<meta property=\"article:modified_time\" content=\"2024-02-09T15:19:30+00:00\" \/>\n<meta property=\"og:image\" content=\"https:\/\/jonzac-hautesaintonge-accueil.com\/wp-content\/uploads\/2022\/10\/office-de-tourisme-de-jonzac-logo-160518794262-1.png\" \/>\n\t<meta property=\"og:image:width\" content=\"200\" \/>\n\t<meta property=\"og:image:height\" content=\"204\" \/>\n\t<meta property=\"og:image:type\" content=\"image\/png\" \/>\n<meta name=\"twitter:card\" content=\"summary_large_image\" \/>\n<meta name=\"twitter:title\" content=\"Jonzac Haute-Saintonge Accueil\" \/>\n<meta name=\"twitter:description\" content=\"Jonzac Haute-Saintonge Accueil, contactez-nous\" \/>\n<meta name=\"twitter:image\" content=\"https:\/\/jonzac-hautesaintonge-accueil.com\/wp-content\/uploads\/2022\/10\/office-de-tourisme-de-jonzac-logo-160518794262-1.png\" \/>\n<meta name=\"twitter:label1\" content=\"Dur\u00e9e de lecture estim\u00e9e\" \/>\n\t<meta name=\"twitter:data1\" content=\"3 minutes\" \/>\n<script type=\"application\/ld+json\" class=\"yoast-schema-graph\">{\"@context\":\"https:\/\/schema.org\",\"@graph\":[{\"@type\":\"WebPage\",\"@id\":\"https:\/\/jonzac-hautesaintonge-accueil.com\/index.php\/contact\/\",\"url\":\"https:\/\/jonzac-hautesaintonge-accueil.com\/index.php\/contact\/\",\"name\":\"Contact & Partenaires - Jonzac Haute~Saintonge Accueil\",\"isPartOf\":{\"@id\":\"https:\/\/jonzac-hautesaintonge-accueil.com\/#website\"},\"primaryImageOfPage\":{\"@id\":\"https:\/\/jonzac-hautesaintonge-accueil.com\/index.php\/contact\/#primaryimage\"},\"image\":{\"@id\":\"https:\/\/jonzac-hautesaintonge-accueil.com\/index.php\/contact\/#primaryimage\"},\"thumbnailUrl\":\"https:\/\/jonzac-hautesaintonge-accueil.com\/wp-content\/uploads\/2022\/09\/emotionheader_1-1.jpg\",\"datePublished\":\"2022-09-02T16:34:09+00:00\",\"dateModified\":\"2024-02-09T15:19:30+00:00\",\"description\":\"Jonzac Haute-Saintonge Accueil, contactez-nous\",\"breadcrumb\":{\"@id\":\"https:\/\/jonzac-hautesaintonge-accueil.com\/index.php\/contact\/#breadcrumb\"},\"inLanguage\":\"fr-FR\",\"potentialAction\":[{\"@type\":\"ReadAction\",\"target\":[\"https:\/\/jonzac-hautesaintonge-accueil.com\/index.php\/contact\/\"]}]},{\"@type\":\"ImageObject\",\"inLanguage\":\"fr-FR\",\"@id\":\"https:\/\/jonzac-hautesaintonge-accueil.com\/index.php\/contact\/#primaryimage\",\"url\":\"https:\/\/jonzac-hautesaintonge-accueil.com\/wp-content\/uploads\/2022\/09\/emotionheader_1-1.jpg\",\"contentUrl\":\"https:\/\/jonzac-hautesaintonge-accueil.com\/wp-content\/uploads\/2022\/09\/emotionheader_1-1.jpg\",\"width\":679,\"height\":416},{\"@type\":\"BreadcrumbList\",\"@id\":\"https:\/\/jonzac-hautesaintonge-accueil.com\/index.php\/contact\/#breadcrumb\",\"itemListElement\":[{\"@type\":\"ListItem\",\"position\":1,\"name\":\"Accueil\",\"item\":\"https:\/\/jonzac-hautesaintonge-accueil.com\/\"},{\"@type\":\"ListItem\",\"position\":2,\"name\":\"Contact &#038; Partenaires\"}]},{\"@type\":\"WebSite\",\"@id\":\"https:\/\/jonzac-hautesaintonge-accueil.com\/#website\",\"url\":\"https:\/\/jonzac-hautesaintonge-accueil.com\/\",\"name\":\"Jonzac Haute~Saintonge Accueil\",\"description\":\"\",\"publisher\":{\"@id\":\"https:\/\/jonzac-hautesaintonge-accueil.com\/#organization\"},\"potentialAction\":[{\"@type\":\"SearchAction\",\"target\":{\"@type\":\"EntryPoint\",\"urlTemplate\":\"https:\/\/jonzac-hautesaintonge-accueil.com\/?s={search_term_string}\"},\"query-input\":{\"@type\":\"PropertyValueSpecification\",\"valueRequired\":true,\"valueName\":\"search_term_string\"}}],\"inLanguage\":\"fr-FR\"},{\"@type\":\"Organization\",\"@id\":\"https:\/\/jonzac-hautesaintonge-accueil.com\/#organization\",\"name\":\"Jonzac Haute~Saintonge Accueil\",\"url\":\"https:\/\/jonzac-hautesaintonge-accueil.com\/\",\"logo\":{\"@type\":\"ImageObject\",\"inLanguage\":\"fr-FR\",\"@id\":\"https:\/\/jonzac-hautesaintonge-accueil.com\/#\/schema\/logo\/image\/\",\"url\":\"http:\/\/jonzac-hautesaintonge-accueil.com\/wp-content\/uploads\/2022\/10\/office-de-tourisme-de-jonzac-logo-160518794262-1.png\",\"contentUrl\":\"http:\/\/jonzac-hautesaintonge-accueil.com\/wp-content\/uploads\/2022\/10\/office-de-tourisme-de-jonzac-logo-160518794262-1.png\",\"width\":200,\"height\":204,\"caption\":\"Jonzac Haute~Saintonge Accueil\"},\"image\":{\"@id\":\"https:\/\/jonzac-hautesaintonge-accueil.com\/#\/schema\/logo\/image\/\"}}]}<\/script>\n<!-- \/ Yoast SEO plugin. -->","yoast_head_json":{"title":"Contact & Partenaires - Jonzac Haute~Saintonge Accueil","description":"Jonzac Haute-Saintonge Accueil, contactez-nous","robots":{"index":"index","follow":"follow","max-snippet":"max-snippet:-1","max-image-preview":"max-image-preview:large","max-video-preview":"max-video-preview:-1"},"canonical":"https:\/\/jonzac-hautesaintonge-accueil.com\/index.php\/contact\/","og_locale":"fr_FR","og_type":"article","og_title":"Jonzac Haute-Saintonge Accueil","og_description":"Jonzac Haute-Saintonge Accueil, contactez-nous","og_url":"https:\/\/jonzac-hautesaintonge-accueil.com\/index.php\/contact\/","og_site_name":"Jonzac Haute~Saintonge Accueil","article_modified_time":"2024-02-09T15:19:30+00:00","og_image":[{"width":200,"height":204,"url":"https:\/\/jonzac-hautesaintonge-accueil.com\/wp-content\/uploads\/2022\/10\/office-de-tourisme-de-jonzac-logo-160518794262-1.png","type":"image\/png"}],"twitter_card":"summary_large_image","twitter_title":"Jonzac Haute-Saintonge Accueil","twitter_description":"Jonzac Haute-Saintonge Accueil, contactez-nous","twitter_image":"https:\/\/jonzac-hautesaintonge-accueil.com\/wp-content\/uploads\/2022\/10\/office-de-tourisme-de-jonzac-logo-160518794262-1.png","twitter_misc":{"Dur\u00e9e de lecture estim\u00e9e":"3 minutes"},"schema":{"@context":"https:\/\/schema.org","@graph":[{"@type":"WebPage","@id":"https:\/\/jonzac-hautesaintonge-accueil.com\/index.php\/contact\/","url":"https:\/\/jonzac-hautesaintonge-accueil.com\/index.php\/contact\/","name":"Contact & Partenaires - Jonzac Haute~Saintonge Accueil","isPartOf":{"@id":"https:\/\/jonzac-hautesaintonge-accueil.com\/#website"},"primaryImageOfPage":{"@id":"https:\/\/jonzac-hautesaintonge-accueil.com\/index.php\/contact\/#primaryimage"},"image":{"@id":"https:\/\/jonzac-hautesaintonge-accueil.com\/index.php\/contact\/#primaryimage"},"thumbnailUrl":"https:\/\/jonzac-hautesaintonge-accueil.com\/wp-content\/uploads\/2022\/09\/emotionheader_1-1.jpg","datePublished":"2022-09-02T16:34:09+00:00","dateModified":"2024-02-09T15:19:30+00:00","description":"Jonzac Haute-Saintonge Accueil, contactez-nous","breadcrumb":{"@id":"https:\/\/jonzac-hautesaintonge-accueil.com\/index.php\/contact\/#breadcrumb"},"inLanguage":"fr-FR","potentialAction":[{"@type":"ReadAction","target":["https:\/\/jonzac-hautesaintonge-accueil.com\/index.php\/contact\/"]}]},{"@type":"ImageObject","inLanguage":"fr-FR","@id":"https:\/\/jonzac-hautesaintonge-accueil.com\/index.php\/contact\/#primaryimage","url":"https:\/\/jonzac-hautesaintonge-accueil.com\/wp-content\/uploads\/2022\/09\/emotionheader_1-1.jpg","contentUrl":"https:\/\/jonzac-hautesaintonge-accueil.com\/wp-content\/uploads\/2022\/09\/emotionheader_1-1.jpg","width":679,"height":416},{"@type":"BreadcrumbList","@id":"https:\/\/jonzac-hautesaintonge-accueil.com\/index.php\/contact\/#breadcrumb","itemListElement":[{"@type":"ListItem","position":1,"name":"Accueil","item":"https:\/\/jonzac-hautesaintonge-accueil.com\/"},{"@type":"ListItem","position":2,"name":"Contact &#038; Partenaires"}]},{"@type":"WebSite","@id":"https:\/\/jonzac-hautesaintonge-accueil.com\/#website","url":"https:\/\/jonzac-hautesaintonge-accueil.com\/","name":"Jonzac Haute~Saintonge Accueil","description":"","publisher":{"@id":"https:\/\/jonzac-hautesaintonge-accueil.com\/#organization"},"potentialAction":[{"@type":"SearchAction","target":{"@type":"EntryPoint","urlTemplate":"https:\/\/jonzac-hautesaintonge-accueil.com\/?s={search_term_string}"},"query-input":{"@type":"PropertyValueSpecification","valueRequired":true,"valueName":"search_term_string"}}],"inLanguage":"fr-FR"},{"@type":"Organization","@id":"https:\/\/jonzac-hautesaintonge-accueil.com\/#organization","name":"Jonzac Haute~Saintonge Accueil","url":"https:\/\/jonzac-hautesaintonge-accueil.com\/","logo":{"@type":"ImageObject","inLanguage":"fr-FR","@id":"https:\/\/jonzac-hautesaintonge-accueil.com\/#\/schema\/logo\/image\/","url":"http:\/\/jonzac-hautesaintonge-accueil.com\/wp-content\/uploads\/2022\/10\/office-de-tourisme-de-jonzac-logo-160518794262-1.png","contentUrl":"http:\/\/jonzac-hautesaintonge-accueil.com\/wp-content\/uploads\/2022\/10\/office-de-tourisme-de-jonzac-logo-160518794262-1.png","width":200,"height":204,"caption":"Jonzac Haute~Saintonge Accueil"},"image":{"@id":"https:\/\/jonzac-hautesaintonge-accueil.com\/#\/schema\/logo\/image\/"}}]}},"_links":{"self":[{"href":"https:\/\/jonzac-hautesaintonge-accueil.com\/index.php\/wp-json\/wp\/v2\/pages\/35","targetHints":{"allow":["GET"]}}],"collection":[{"href":"https:\/\/jonzac-hautesaintonge-accueil.com\/index.php\/wp-json\/wp\/v2\/pages"}],"about":[{"href":"https:\/\/jonzac-hautesaintonge-accueil.com\/index.php\/wp-json\/wp\/v2\/types\/page"}],"author":[{"embeddable":true,"href":"https:\/\/jonzac-hautesaintonge-accueil.com\/index.php\/wp-json\/wp\/v2\/users\/1"}],"replies":[{"embeddable":true,"href":"https:\/\/jonzac-hautesaintonge-accueil.com\/index.php\/wp-json\/wp\/v2\/comments?post=35"}],"version-history":[{"count":16,"href":"https:\/\/jonzac-hautesaintonge-accueil.com\/index.php\/wp-json\/wp\/v2\/pages\/35\/revisions"}],"predecessor-version":[{"id":2462,"href":"https:\/\/jonzac-hautesaintonge-accueil.com\/index.php\/wp-json\/wp\/v2\/pages\/35\/revisions\/2462"}],"wp:attachment":[{"href":"https:\/\/jonzac-hautesaintonge-accueil.com\/index.php\/wp-json\/wp\/v2\/media?parent=35"}],"curies":[{"name":"wp","href":"https:\/\/api.w.org\/{rel}","templated":true}]}}