{"id":24,"date":"2022-09-02T18:32:08","date_gmt":"2022-09-02T16:32:08","guid":{"rendered":"http:\/\/jonzac-hautesaintonge-accueil.com\/?page_id=24"},"modified":"2026-03-18T09:43:19","modified_gmt":"2026-03-18T08:43:19","slug":"nos-randonnees-en-images","status":"publish","type":"page","link":"https:\/\/jonzac-hautesaintonge-accueil.com\/index.php\/nos-randonnees-en-images\/","title":{"rendered":"Nos randonn\u00e9es en images"},"content":{"rendered":"","protected":true},"excerpt":{"rendered":"","protected":true},"author":1,"featured_media":0,"parent":0,"menu_order":0,"comment_status":"closed","ping_status":"closed","template":"","meta":{"footnotes":""},"class_list":["post-24","page","type-page","status-publish","post-password-required","hentry"],"yoast_head":"<!-- This site is optimized with the Yoast SEO plugin v27.1.1 - https:\/\/yoast.com\/product\/yoast-seo-wordpress\/ -->\n<title>Nos randonn\u00e9es en images - Jonzac Haute~Saintonge Accueil<\/title>\n<meta name=\"description\" content=\"Jonzac Haute-Saintonge Accueil, nos randonn\u00e9es en images\" \/>\n<meta name=\"robots\" content=\"index, follow, max-snippet:-1, max-image-preview:large, max-video-preview:-1\" \/>\n<link rel=\"canonical\" href=\"https:\/\/jonzac-hautesaintonge-accueil.com\/index.php\/nos-randonnees-en-images\/\" \/>\n<meta property=\"og:locale\" content=\"fr_FR\" \/>\n<meta property=\"og:type\" content=\"article\" \/>\n<meta property=\"og:title\" content=\"Jonzac Haute-Saintonge Accueil\" \/>\n<meta property=\"og:description\" content=\"Jonzac Haute-Saintonge Accueil, nos randonn\u00e9es en images\" \/>\n<meta property=\"og:url\" content=\"https:\/\/jonzac-hautesaintonge-accueil.com\/index.php\/nos-randonnees-en-images\/\" \/>\n<meta property=\"og:site_name\" content=\"Jonzac Haute~Saintonge Accueil\" \/>\n<meta property=\"article:modified_time\" content=\"2026-03-18T08:43:19+00:00\" \/>\n<meta name=\"twitter:card\" content=\"summary_large_image\" \/>\n<meta name=\"twitter:title\" content=\"Jonzac Haute-Saintonge Accueil\" \/>\n<meta name=\"twitter:description\" content=\"Jonzac Haute-Saintonge Accueil, nos randonn\u00e9es en images\" \/>\n<meta name=\"twitter:label1\" content=\"Dur\u00e9e de lecture estim\u00e9e\" \/>\n\t<meta name=\"twitter:data1\" content=\"1 minute\" \/>\n<script type=\"application\/ld+json\" class=\"yoast-schema-graph\">{\"@context\":\"https:\/\/schema.org\",\"@graph\":[{\"@type\":\"WebPage\",\"@id\":\"https:\/\/jonzac-hautesaintonge-accueil.com\/index.php\/nos-randonnees-en-images\/\",\"url\":\"https:\/\/jonzac-hautesaintonge-accueil.com\/index.php\/nos-randonnees-en-images\/\",\"name\":\"Nos randonn\u00e9es en images - Jonzac Haute~Saintonge Accueil\",\"isPartOf\":{\"@id\":\"https:\/\/jonzac-hautesaintonge-accueil.com\/#website\"},\"datePublished\":\"2022-09-02T16:32:08+00:00\",\"dateModified\":\"2026-03-18T08:43:19+00:00\",\"breadcrumb\":{\"@id\":\"https:\/\/jonzac-hautesaintonge-accueil.com\/index.php\/nos-randonnees-en-images\/#breadcrumb\"},\"inLanguage\":\"fr-FR\"},{\"@type\":\"WebSite\",\"@id\":\"https:\/\/jonzac-hautesaintonge-accueil.com\/#website\",\"url\":\"https:\/\/jonzac-hautesaintonge-accueil.com\/\",\"name\":\"Jonzac Haute~Saintonge Accueil\",\"description\":\"\",\"publisher\":{\"@id\":\"https:\/\/jonzac-hautesaintonge-accueil.com\/#organization\"},\"potentialAction\":[{\"@type\":\"SearchAction\",\"target\":{\"@type\":\"EntryPoint\",\"urlTemplate\":\"https:\/\/jonzac-hautesaintonge-accueil.com\/?s={search_term_string}\"},\"query-input\":{\"@type\":\"PropertyValueSpecification\",\"valueRequired\":true,\"valueName\":\"search_term_string\"}}],\"inLanguage\":\"fr-FR\"},{\"@type\":\"Organization\",\"@id\":\"https:\/\/jonzac-hautesaintonge-accueil.com\/#organization\",\"name\":\"Jonzac Haute~Saintonge Accueil\",\"url\":\"https:\/\/jonzac-hautesaintonge-accueil.com\/\",\"logo\":{\"@type\":\"ImageObject\",\"inLanguage\":\"fr-FR\",\"@id\":\"https:\/\/jonzac-hautesaintonge-accueil.com\/#\/schema\/logo\/image\/\",\"url\":\"http:\/\/jonzac-hautesaintonge-accueil.com\/wp-content\/uploads\/2022\/10\/office-de-tourisme-de-jonzac-logo-160518794262-1.png\",\"contentUrl\":\"http:\/\/jonzac-hautesaintonge-accueil.com\/wp-content\/uploads\/2022\/10\/office-de-tourisme-de-jonzac-logo-160518794262-1.png\",\"width\":200,\"height\":204,\"caption\":\"Jonzac Haute~Saintonge Accueil\"},\"image\":{\"@id\":\"https:\/\/jonzac-hautesaintonge-accueil.com\/#\/schema\/logo\/image\/\"}}]}<\/script>\n<!-- \/ Yoast SEO plugin. -->","yoast_head_json":{"title":"Nos randonn\u00e9es en images - Jonzac Haute~Saintonge Accueil","description":"Jonzac Haute-Saintonge Accueil, nos randonn\u00e9es en images","robots":{"index":"index","follow":"follow","max-snippet":"max-snippet:-1","max-image-preview":"max-image-preview:large","max-video-preview":"max-video-preview:-1"},"canonical":"https:\/\/jonzac-hautesaintonge-accueil.com\/index.php\/nos-randonnees-en-images\/","og_locale":"fr_FR","og_type":"article","og_title":"Jonzac Haute-Saintonge Accueil","og_description":"Jonzac Haute-Saintonge Accueil, nos randonn\u00e9es en images","og_url":"https:\/\/jonzac-hautesaintonge-accueil.com\/index.php\/nos-randonnees-en-images\/","og_site_name":"Jonzac Haute~Saintonge Accueil","article_modified_time":"2026-03-18T08:43:19+00:00","twitter_card":"summary_large_image","twitter_title":"Jonzac Haute-Saintonge Accueil","twitter_description":"Jonzac Haute-Saintonge Accueil, nos randonn\u00e9es en images","twitter_misc":{"Dur\u00e9e de lecture estim\u00e9e":"1 minute"},"schema":{"@context":"https:\/\/schema.org","@graph":[{"@type":"WebPage","@id":"https:\/\/jonzac-hautesaintonge-accueil.com\/index.php\/nos-randonnees-en-images\/","url":"https:\/\/jonzac-hautesaintonge-accueil.com\/index.php\/nos-randonnees-en-images\/","name":"Nos randonn\u00e9es en images - Jonzac Haute~Saintonge Accueil","isPartOf":{"@id":"https:\/\/jonzac-hautesaintonge-accueil.com\/#website"},"datePublished":"2022-09-02T16:32:08+00:00","dateModified":"2026-03-18T08:43:19+00:00","breadcrumb":{"@id":"https:\/\/jonzac-hautesaintonge-accueil.com\/index.php\/nos-randonnees-en-images\/#breadcrumb"},"inLanguage":"fr-FR"},{"@type":"WebSite","@id":"https:\/\/jonzac-hautesaintonge-accueil.com\/#website","url":"https:\/\/jonzac-hautesaintonge-accueil.com\/","name":"Jonzac Haute~Saintonge Accueil","description":"","publisher":{"@id":"https:\/\/jonzac-hautesaintonge-accueil.com\/#organization"},"potentialAction":[{"@type":"SearchAction","target":{"@type":"EntryPoint","urlTemplate":"https:\/\/jonzac-hautesaintonge-accueil.com\/?s={search_term_string}"},"query-input":{"@type":"PropertyValueSpecification","valueRequired":true,"valueName":"search_term_string"}}],"inLanguage":"fr-FR"},{"@type":"Organization","@id":"https:\/\/jonzac-hautesaintonge-accueil.com\/#organization","name":"Jonzac Haute~Saintonge Accueil","url":"https:\/\/jonzac-hautesaintonge-accueil.com\/","logo":{"@type":"ImageObject","inLanguage":"fr-FR","@id":"https:\/\/jonzac-hautesaintonge-accueil.com\/#\/schema\/logo\/image\/","url":"http:\/\/jonzac-hautesaintonge-accueil.com\/wp-content\/uploads\/2022\/10\/office-de-tourisme-de-jonzac-logo-160518794262-1.png","contentUrl":"http:\/\/jonzac-hautesaintonge-accueil.com\/wp-content\/uploads\/2022\/10\/office-de-tourisme-de-jonzac-logo-160518794262-1.png","width":200,"height":204,"caption":"Jonzac Haute~Saintonge Accueil"},"image":{"@id":"https:\/\/jonzac-hautesaintonge-accueil.com\/#\/schema\/logo\/image\/"}}]}},"_links":{"self":[{"href":"https:\/\/jonzac-hautesaintonge-accueil.com\/index.php\/wp-json\/wp\/v2\/pages\/24","targetHints":{"allow":["GET"]}}],"collection":[{"href":"https:\/\/jonzac-hautesaintonge-accueil.com\/index.php\/wp-json\/wp\/v2\/pages"}],"about":[{"href":"https:\/\/jonzac-hautesaintonge-accueil.com\/index.php\/wp-json\/wp\/v2\/types\/page"}],"author":[{"embeddable":true,"href":"https:\/\/jonzac-hautesaintonge-accueil.com\/index.php\/wp-json\/wp\/v2\/users\/1"}],"replies":[{"embeddable":true,"href":"https:\/\/jonzac-hautesaintonge-accueil.com\/index.php\/wp-json\/wp\/v2\/comments?post=24"}],"version-history":[{"count":37,"href":"https:\/\/jonzac-hautesaintonge-accueil.com\/index.php\/wp-json\/wp\/v2\/pages\/24\/revisions"}],"predecessor-version":[{"id":4670,"href":"https:\/\/jonzac-hautesaintonge-accueil.com\/index.php\/wp-json\/wp\/v2\/pages\/24\/revisions\/4670"}],"wp:attachment":[{"href":"https:\/\/jonzac-hautesaintonge-accueil.com\/index.php\/wp-json\/wp\/v2\/media?parent=24"}],"curies":[{"name":"wp","href":"https:\/\/api.w.org\/{rel}","templated":true}]}}