{"id":22,"date":"2022-09-02T18:31:50","date_gmt":"2022-09-02T16:31:50","guid":{"rendered":"http:\/\/jonzac-hautesaintonge-accueil.com\/?page_id=22"},"modified":"2026-04-13T16:58:34","modified_gmt":"2026-04-13T14:58:34","slug":"nos-futures-randonnees","status":"publish","type":"page","link":"https:\/\/jonzac-hautesaintonge-accueil.com\/index.php\/nos-futures-randonnees\/","title":{"rendered":"Nos futures randonn\u00e9es"},"content":{"rendered":"\n<p><strong><mark style=\"background-color:rgba(0, 0, 0, 0)\" class=\"has-inline-color has-black-color\">L&rsquo;animateur, en fonction de la m\u00e9t\u00e9o et\/ou du nombre de participants peut annuler la randonn\u00e9e sur le lieu de rendez vous ( <\/mark><mark style=\"background-color:rgba(0, 0, 0, 0)\" class=\"has-inline-color has-vivid-red-color\">13 heures 30 place du 8 Mai \u00e0 Jonzac<\/mark><mark style=\"background-color:rgba(0, 0, 0, 0)\" class=\"has-inline-color has-black-color\"> ).  Il peut \u00eatre contact\u00e9 sur son t\u00e9l\u00e9phone portable.<\/mark><\/strong><\/p>\n\n\n\n<div class=\"wp-block-columns is-layout-flex wp-container-core-columns-is-layout-9d6595d7 wp-block-columns-is-layout-flex\">\n<div class=\"wp-block-column is-layout-flow wp-block-column-is-layout-flow\" style=\"flex-basis:66.66%\">\n<blockquote class=\"wp-block-quote is-layout-flow wp-block-quote-is-layout-flow\">\n<blockquote class=\"wp-block-quote is-layout-flow wp-block-quote-is-layout-flow\">\n<p>Mardi 14 Avril 2026 :<br>Petite randonn\u00e9e : <strong>PORT MAUBERT<\/strong><br><strong><mark style=\"background-color:rgba(0, 0, 0, 0)\" class=\"has-inline-color has-vivid-red-color\">ATTENTION HEURE DEPART AVANCEE<\/mark><\/strong><br>Notre petite randonn\u00e9e \u00ab\u00a0fil rouge\u00a0\u00bb se d\u00e9roulera \u00e0 Port Maubert<br>&nbsp;Rendez-vous <strong><mark style=\"background-color:rgba(0, 0, 0, 0)\" class=\"has-inline-color has-vivid-red-color\">place du 8 mai \u00e0&nbsp;13 h 15&nbsp;<\/mark><\/strong>pour organiser un covoiturage maximal.<br>&nbsp; Nous partirons \u00e0&nbsp;13 h 30 pr\u00e9cises&nbsp;car il y a une demi-heure de route.<br>&nbsp; Animateur&nbsp; Christian COULON (06 38 76 88 49)<\/p>\n<\/blockquote>\n<\/blockquote>\n\n\n\n<p>Mardi 14 Avril 2026 :<br>Grande randonn\u00e9e : <strong>ST CIERS CHAMPAGNE<\/strong><br>D\u00e9part 14 heures du <strong><mark style=\"background-color:rgba(0, 0, 0, 0)\" class=\"has-inline-color has-vivid-red-color\">parking du restaurant <\/mark><\/strong><br>Animateur  : Alain<\/p>\n\n\n\n<p>Vendredi 17 Avril 2026 : <strong>BRIE \/ ARCHIAC<\/strong><br>D\u00e9part du parking de l&rsquo;<strong><mark style=\"background-color:rgba(0, 0, 0, 0)\" class=\"has-inline-color has-vivid-red-color\">Eglise<\/mark><\/strong><s><br><\/s>Animateur : Jacques<\/p>\n<\/div>\n\n\n\n<div class=\"wp-block-column is-layout-flow wp-block-column-is-layout-flow\" style=\"flex-basis:33.33%\">\n<p><strong>ANIMATEURS<\/strong> :<br>Alain : 07 89 06 53 28<br>Bernard : 05 46 49 17 40<br>Dominique : 06 40 84 01 62<br>Elie : 06 85 19 49 70<br>Jacques : 07 68 29 48 98<br>Jean-Louis : 06 65 41 46 90<br>Jean-Yves : 06 68 54 45 35<br>Madeleine : 06 32 06 28 42<br>Michel : 06 10 63 51 61<br>Patrick : 06 21 33 37 08<br>St\u00e9phan : 06 81 62 29 30<br>Sylvie : 06 75 14 53 99<br><\/p>\n\n\n<div class=\"widget meteo_widget\"><div class=\"meteo-widget weather_widget_wrap\"\n                 data-text-color=\"#000000\"\n                 data-background=\"#becffb\"\n                 data-width=\"100\"\n                 data-days=\"3\"\n                 data-sunrise=\"false\"\n                 data-wind=\"on\"\n                 data-current=\"on\"\n                 data-language=\"french\"\n                 data-city=\"Jonzac\"\n                 data-country=\"France\">\n    \n                <div class=\"weather_widget_placeholder\"><\/div>\n                <div style=\"font-size: 14px;text-align: center;padding-top: 6px;padding-bottom: 4px;background: rgba(0,0,0,0.03);\">\n                    Data from <a target=\"_blank\" href=\"https:\/\/www.meteoart.com\">MeteoArt.com<\/a>\n                <\/div>\n            <\/div><\/div><\/div>\n<\/div>\n","protected":false},"excerpt":{"rendered":"<p>L&rsquo;animateur, en fonction de la m\u00e9t\u00e9o et\/ou du nombre de participants peut annuler la randonn\u00e9e sur le lieu de rendez vous ( 13 heures 30 place du 8 Mai \u00e0 Jonzac ). Il peut \u00eatre contact\u00e9 sur son t\u00e9l\u00e9phone portable. Mardi 14 Avril 2026 :Petite randonn\u00e9e : PORT MAUBERTATTENTION HEURE DEPART AVANCEENotre petite randonn\u00e9e \u00ab\u00a0fil &hellip; <\/p>\n<p class=\"link-more\"><a href=\"https:\/\/jonzac-hautesaintonge-accueil.com\/index.php\/nos-futures-randonnees\/\" class=\"more-link\">Continuer la lecture<span class=\"screen-reader-text\"> de &laquo;&nbsp;Nos futures randonn\u00e9es&nbsp;&raquo;<\/span><\/a><\/p>\n","protected":false},"author":1,"featured_media":0,"parent":0,"menu_order":0,"comment_status":"closed","ping_status":"closed","template":"","meta":{"footnotes":""},"class_list":["post-22","page","type-page","status-publish","hentry"],"yoast_head":"<!-- This site is optimized with the Yoast SEO plugin v27.1.1 - https:\/\/yoast.com\/product\/yoast-seo-wordpress\/ -->\n<title>Nos futures randonn\u00e9es - Jonzac Haute~Saintonge Accueil<\/title>\n<meta name=\"description\" content=\"Jonzac Haute-Saintonge Accueil, nos futures randonn\u00e9es\" \/>\n<meta name=\"robots\" content=\"index, follow, max-snippet:-1, max-image-preview:large, max-video-preview:-1\" \/>\n<link rel=\"canonical\" href=\"https:\/\/jonzac-hautesaintonge-accueil.com\/index.php\/nos-futures-randonnees\/\" \/>\n<meta property=\"og:locale\" content=\"fr_FR\" \/>\n<meta property=\"og:type\" content=\"article\" \/>\n<meta property=\"og:title\" content=\"Jonzac Haute-Saintonge Accueil\" \/>\n<meta property=\"og:description\" content=\"Jonzac Haute-Saintonge Accueil, nos futures randonn\u00e9es\" \/>\n<meta property=\"og:url\" content=\"https:\/\/jonzac-hautesaintonge-accueil.com\/index.php\/nos-futures-randonnees\/\" \/>\n<meta property=\"og:site_name\" content=\"Jonzac Haute~Saintonge Accueil\" \/>\n<meta property=\"article:modified_time\" content=\"2026-04-13T14:58:34+00:00\" \/>\n<meta property=\"og:image\" content=\"http:\/\/jonzac-hautesaintonge-accueil.com\/wp-content\/uploads\/2022\/10\/office-de-tourisme-de-jonzac-logo-160518794262-1.png\" \/>\n\t<meta property=\"og:image:width\" content=\"200\" \/>\n\t<meta property=\"og:image:height\" content=\"204\" \/>\n\t<meta property=\"og:image:type\" content=\"image\/png\" \/>\n<meta name=\"twitter:card\" content=\"summary_large_image\" \/>\n<meta name=\"twitter:title\" content=\"Jonzac Haute-Saintonge Accueil\" \/>\n<meta name=\"twitter:description\" content=\"Jonzac Haute-Saintonge Accueil, nos futures randonn\u00e9es\" \/>\n<meta name=\"twitter:image\" content=\"https:\/\/jonzac-hautesaintonge-accueil.com\/wp-content\/uploads\/2022\/10\/office-de-tourisme-de-jonzac-logo-160518794262-1.png\" \/>\n<meta name=\"twitter:label1\" content=\"Dur\u00e9e de lecture estim\u00e9e\" \/>\n\t<meta name=\"twitter:data1\" content=\"1 minute\" \/>\n<script type=\"application\/ld+json\" class=\"yoast-schema-graph\">{\"@context\":\"https:\/\/schema.org\",\"@graph\":[{\"@type\":\"WebPage\",\"@id\":\"https:\/\/jonzac-hautesaintonge-accueil.com\/index.php\/nos-futures-randonnees\/\",\"url\":\"https:\/\/jonzac-hautesaintonge-accueil.com\/index.php\/nos-futures-randonnees\/\",\"name\":\"Nos futures randonn\u00e9es - Jonzac Haute~Saintonge Accueil\",\"isPartOf\":{\"@id\":\"https:\/\/jonzac-hautesaintonge-accueil.com\/#website\"},\"datePublished\":\"2022-09-02T16:31:50+00:00\",\"dateModified\":\"2026-04-13T14:58:34+00:00\",\"description\":\"Jonzac Haute-Saintonge Accueil, nos futures randonn\u00e9es\",\"breadcrumb\":{\"@id\":\"https:\/\/jonzac-hautesaintonge-accueil.com\/index.php\/nos-futures-randonnees\/#breadcrumb\"},\"inLanguage\":\"fr-FR\",\"potentialAction\":[{\"@type\":\"ReadAction\",\"target\":[\"https:\/\/jonzac-hautesaintonge-accueil.com\/index.php\/nos-futures-randonnees\/\"]}]},{\"@type\":\"BreadcrumbList\",\"@id\":\"https:\/\/jonzac-hautesaintonge-accueil.com\/index.php\/nos-futures-randonnees\/#breadcrumb\",\"itemListElement\":[{\"@type\":\"ListItem\",\"position\":1,\"name\":\"Accueil\",\"item\":\"https:\/\/jonzac-hautesaintonge-accueil.com\/\"},{\"@type\":\"ListItem\",\"position\":2,\"name\":\"Nos futures randonn\u00e9es\"}]},{\"@type\":\"WebSite\",\"@id\":\"https:\/\/jonzac-hautesaintonge-accueil.com\/#website\",\"url\":\"https:\/\/jonzac-hautesaintonge-accueil.com\/\",\"name\":\"Jonzac Haute~Saintonge Accueil\",\"description\":\"\",\"publisher\":{\"@id\":\"https:\/\/jonzac-hautesaintonge-accueil.com\/#organization\"},\"potentialAction\":[{\"@type\":\"SearchAction\",\"target\":{\"@type\":\"EntryPoint\",\"urlTemplate\":\"https:\/\/jonzac-hautesaintonge-accueil.com\/?s={search_term_string}\"},\"query-input\":{\"@type\":\"PropertyValueSpecification\",\"valueRequired\":true,\"valueName\":\"search_term_string\"}}],\"inLanguage\":\"fr-FR\"},{\"@type\":\"Organization\",\"@id\":\"https:\/\/jonzac-hautesaintonge-accueil.com\/#organization\",\"name\":\"Jonzac Haute~Saintonge Accueil\",\"url\":\"https:\/\/jonzac-hautesaintonge-accueil.com\/\",\"logo\":{\"@type\":\"ImageObject\",\"inLanguage\":\"fr-FR\",\"@id\":\"https:\/\/jonzac-hautesaintonge-accueil.com\/#\/schema\/logo\/image\/\",\"url\":\"http:\/\/jonzac-hautesaintonge-accueil.com\/wp-content\/uploads\/2022\/10\/office-de-tourisme-de-jonzac-logo-160518794262-1.png\",\"contentUrl\":\"http:\/\/jonzac-hautesaintonge-accueil.com\/wp-content\/uploads\/2022\/10\/office-de-tourisme-de-jonzac-logo-160518794262-1.png\",\"width\":200,\"height\":204,\"caption\":\"Jonzac Haute~Saintonge Accueil\"},\"image\":{\"@id\":\"https:\/\/jonzac-hautesaintonge-accueil.com\/#\/schema\/logo\/image\/\"}}]}<\/script>\n<!-- \/ Yoast SEO plugin. -->","yoast_head_json":{"title":"Nos futures randonn\u00e9es - Jonzac Haute~Saintonge Accueil","description":"Jonzac Haute-Saintonge Accueil, nos futures randonn\u00e9es","robots":{"index":"index","follow":"follow","max-snippet":"max-snippet:-1","max-image-preview":"max-image-preview:large","max-video-preview":"max-video-preview:-1"},"canonical":"https:\/\/jonzac-hautesaintonge-accueil.com\/index.php\/nos-futures-randonnees\/","og_locale":"fr_FR","og_type":"article","og_title":"Jonzac Haute-Saintonge Accueil","og_description":"Jonzac Haute-Saintonge Accueil, nos futures randonn\u00e9es","og_url":"https:\/\/jonzac-hautesaintonge-accueil.com\/index.php\/nos-futures-randonnees\/","og_site_name":"Jonzac Haute~Saintonge Accueil","article_modified_time":"2026-04-13T14:58:34+00:00","og_image":[{"width":200,"height":204,"url":"http:\/\/jonzac-hautesaintonge-accueil.com\/wp-content\/uploads\/2022\/10\/office-de-tourisme-de-jonzac-logo-160518794262-1.png","type":"image\/png"}],"twitter_card":"summary_large_image","twitter_title":"Jonzac Haute-Saintonge Accueil","twitter_description":"Jonzac Haute-Saintonge Accueil, nos futures randonn\u00e9es","twitter_image":"https:\/\/jonzac-hautesaintonge-accueil.com\/wp-content\/uploads\/2022\/10\/office-de-tourisme-de-jonzac-logo-160518794262-1.png","twitter_misc":{"Dur\u00e9e de lecture estim\u00e9e":"1 minute"},"schema":{"@context":"https:\/\/schema.org","@graph":[{"@type":"WebPage","@id":"https:\/\/jonzac-hautesaintonge-accueil.com\/index.php\/nos-futures-randonnees\/","url":"https:\/\/jonzac-hautesaintonge-accueil.com\/index.php\/nos-futures-randonnees\/","name":"Nos futures randonn\u00e9es - Jonzac Haute~Saintonge Accueil","isPartOf":{"@id":"https:\/\/jonzac-hautesaintonge-accueil.com\/#website"},"datePublished":"2022-09-02T16:31:50+00:00","dateModified":"2026-04-13T14:58:34+00:00","description":"Jonzac Haute-Saintonge Accueil, nos futures randonn\u00e9es","breadcrumb":{"@id":"https:\/\/jonzac-hautesaintonge-accueil.com\/index.php\/nos-futures-randonnees\/#breadcrumb"},"inLanguage":"fr-FR","potentialAction":[{"@type":"ReadAction","target":["https:\/\/jonzac-hautesaintonge-accueil.com\/index.php\/nos-futures-randonnees\/"]}]},{"@type":"BreadcrumbList","@id":"https:\/\/jonzac-hautesaintonge-accueil.com\/index.php\/nos-futures-randonnees\/#breadcrumb","itemListElement":[{"@type":"ListItem","position":1,"name":"Accueil","item":"https:\/\/jonzac-hautesaintonge-accueil.com\/"},{"@type":"ListItem","position":2,"name":"Nos futures randonn\u00e9es"}]},{"@type":"WebSite","@id":"https:\/\/jonzac-hautesaintonge-accueil.com\/#website","url":"https:\/\/jonzac-hautesaintonge-accueil.com\/","name":"Jonzac Haute~Saintonge Accueil","description":"","publisher":{"@id":"https:\/\/jonzac-hautesaintonge-accueil.com\/#organization"},"potentialAction":[{"@type":"SearchAction","target":{"@type":"EntryPoint","urlTemplate":"https:\/\/jonzac-hautesaintonge-accueil.com\/?s={search_term_string}"},"query-input":{"@type":"PropertyValueSpecification","valueRequired":true,"valueName":"search_term_string"}}],"inLanguage":"fr-FR"},{"@type":"Organization","@id":"https:\/\/jonzac-hautesaintonge-accueil.com\/#organization","name":"Jonzac Haute~Saintonge Accueil","url":"https:\/\/jonzac-hautesaintonge-accueil.com\/","logo":{"@type":"ImageObject","inLanguage":"fr-FR","@id":"https:\/\/jonzac-hautesaintonge-accueil.com\/#\/schema\/logo\/image\/","url":"http:\/\/jonzac-hautesaintonge-accueil.com\/wp-content\/uploads\/2022\/10\/office-de-tourisme-de-jonzac-logo-160518794262-1.png","contentUrl":"http:\/\/jonzac-hautesaintonge-accueil.com\/wp-content\/uploads\/2022\/10\/office-de-tourisme-de-jonzac-logo-160518794262-1.png","width":200,"height":204,"caption":"Jonzac Haute~Saintonge Accueil"},"image":{"@id":"https:\/\/jonzac-hautesaintonge-accueil.com\/#\/schema\/logo\/image\/"}}]}},"_links":{"self":[{"href":"https:\/\/jonzac-hautesaintonge-accueil.com\/index.php\/wp-json\/wp\/v2\/pages\/22","targetHints":{"allow":["GET"]}}],"collection":[{"href":"https:\/\/jonzac-hautesaintonge-accueil.com\/index.php\/wp-json\/wp\/v2\/pages"}],"about":[{"href":"https:\/\/jonzac-hautesaintonge-accueil.com\/index.php\/wp-json\/wp\/v2\/types\/page"}],"author":[{"embeddable":true,"href":"https:\/\/jonzac-hautesaintonge-accueil.com\/index.php\/wp-json\/wp\/v2\/users\/1"}],"replies":[{"embeddable":true,"href":"https:\/\/jonzac-hautesaintonge-accueil.com\/index.php\/wp-json\/wp\/v2\/comments?post=22"}],"version-history":[{"count":1179,"href":"https:\/\/jonzac-hautesaintonge-accueil.com\/index.php\/wp-json\/wp\/v2\/pages\/22\/revisions"}],"predecessor-version":[{"id":4740,"href":"https:\/\/jonzac-hautesaintonge-accueil.com\/index.php\/wp-json\/wp\/v2\/pages\/22\/revisions\/4740"}],"wp:attachment":[{"href":"https:\/\/jonzac-hautesaintonge-accueil.com\/index.php\/wp-json\/wp\/v2\/media?parent=22"}],"curies":[{"name":"wp","href":"https:\/\/api.w.org\/{rel}","templated":true}]}}