{"id":18,"date":"2022-09-02T18:31:17","date_gmt":"2022-09-02T16:31:17","guid":{"rendered":"http:\/\/jonzac-hautesaintonge-accueil.com\/?page_id=18"},"modified":"2023-09-05T11:28:54","modified_gmt":"2023-09-05T09:28:54","slug":"mediatheque","status":"publish","type":"page","link":"https:\/\/jonzac-hautesaintonge-accueil.com\/index.php\/mediatheque\/","title":{"rendered":"M\u00e9diath\u00e8que"},"content":{"rendered":"\n<p>Ouverte depuis 2007, la m\u00e9diath\u00e8que de Haute-Saintonge est la plus importante du territoire.<br>Il est possible de consulter ou emprunter quelques 57 000 ouvrages (enfance, jeunesse, bandes dessin\u00e9es, romans, documentaires, presses\u2026), huit ordinateurs sont disponibles pour consulter internet et des animations sont propos\u00e9s tout au long de l\u2019ann\u00e9e.<\/p>\n\n\n<div class=\"wp-block-image\">\n<figure class=\"aligncenter size-large is-resized\"><img loading=\"lazy\" decoding=\"async\" src=\"http:\/\/jonzac-hautesaintonge-accueil.com\/wp-content\/uploads\/2022\/09\/cache_2481372750-e1662269398903-851x1024.png\" alt=\"\" class=\"wp-image-161\" style=\"width:387px;height:465px\" width=\"387\" height=\"465\"\/><\/figure>\n<\/div>\n\n\n<p>La m\u00e9diath\u00e8que Haute-Saintonge vous accueille :<br>Lundi : de 14h \u00e0 18h<br>Mardi : de 14h \u00e0 19h<br>Mercredi : de 10h \u00e0 12h30 et de 14h \u00e0 19h<br>Jeudi : de 14h \u00e0 18h<br>Vendredi : de 14h \u00e0 18h<br>Samedi : de 10h \u00e0 12h30 et de 14h \u00e0 18h<\/p>\n\n\n\n<p><a href=\"https:\/\/www.mediatheques-haute-saintonge.com\/vos-mediatheques\/jonzac\" target=\"_blank\" rel=\"noreferrer noopener\">Voir le site internet<\/a><\/p>\n","protected":false},"excerpt":{"rendered":"<p>Ouverte depuis 2007, la m\u00e9diath\u00e8que de Haute-Saintonge est la plus importante du territoire.Il est possible de consulter ou emprunter quelques 57 000 ouvrages (enfance, jeunesse, bandes dessin\u00e9es, romans, documentaires, presses\u2026), huit ordinateurs sont disponibles pour consulter internet et des animations sont propos\u00e9s tout au long de l\u2019ann\u00e9e. La m\u00e9diath\u00e8que Haute-Saintonge vous accueille :Lundi : de &hellip; <\/p>\n<p class=\"link-more\"><a href=\"https:\/\/jonzac-hautesaintonge-accueil.com\/index.php\/mediatheque\/\" class=\"more-link\">Continuer la lecture<span class=\"screen-reader-text\"> de &laquo;&nbsp;M\u00e9diath\u00e8que&nbsp;&raquo;<\/span><\/a><\/p>\n","protected":false},"author":1,"featured_media":0,"parent":0,"menu_order":0,"comment_status":"closed","ping_status":"closed","template":"","meta":{"footnotes":""},"class_list":["post-18","page","type-page","status-publish","hentry"],"yoast_head":"<!-- This site is optimized with the Yoast SEO plugin v27.1.1 - https:\/\/yoast.com\/product\/yoast-seo-wordpress\/ -->\n<title>M\u00e9diath\u00e8que - Jonzac Haute~Saintonge Accueil<\/title>\n<meta name=\"description\" content=\"Jonzac Haute-Saintonge Accueil, m\u00e9diath\u00e8que\" \/>\n<meta name=\"robots\" content=\"index, follow, max-snippet:-1, max-image-preview:large, max-video-preview:-1\" \/>\n<link rel=\"canonical\" href=\"https:\/\/jonzac-hautesaintonge-accueil.com\/index.php\/mediatheque\/\" \/>\n<meta property=\"og:locale\" content=\"fr_FR\" \/>\n<meta property=\"og:type\" content=\"article\" \/>\n<meta property=\"og:title\" content=\"Jonzac Haute-Saintonge Accueil\" \/>\n<meta property=\"og:description\" content=\"Jonzac Haute-Saintonge Accueil, m\u00e9diath\u00e8que\" \/>\n<meta property=\"og:url\" content=\"https:\/\/jonzac-hautesaintonge-accueil.com\/index.php\/mediatheque\/\" \/>\n<meta property=\"og:site_name\" content=\"Jonzac Haute~Saintonge Accueil\" \/>\n<meta property=\"article:modified_time\" content=\"2023-09-05T09:28:54+00:00\" \/>\n<meta property=\"og:image\" content=\"https:\/\/jonzac-hautesaintonge-accueil.com\/wp-content\/uploads\/2022\/10\/office-de-tourisme-de-jonzac-logo-160518794262-1.png\" \/>\n\t<meta property=\"og:image:width\" content=\"200\" \/>\n\t<meta property=\"og:image:height\" content=\"204\" \/>\n\t<meta property=\"og:image:type\" content=\"image\/png\" \/>\n<meta name=\"twitter:card\" content=\"summary_large_image\" \/>\n<meta name=\"twitter:title\" content=\"Jonzac Haute-Saintonge Accueil\" \/>\n<meta name=\"twitter:description\" content=\"Jonzac Haute-Saintonge Accueil, m\u00e9diath\u00e8que\" \/>\n<meta name=\"twitter:image\" content=\"https:\/\/jonzac-hautesaintonge-accueil.com\/wp-content\/uploads\/2022\/10\/office-de-tourisme-de-jonzac-logo-160518794262-1.png\" \/>\n<meta name=\"twitter:label1\" content=\"Dur\u00e9e de lecture estim\u00e9e\" \/>\n\t<meta name=\"twitter:data1\" content=\"1 minute\" \/>\n<script type=\"application\/ld+json\" class=\"yoast-schema-graph\">{\"@context\":\"https:\/\/schema.org\",\"@graph\":[{\"@type\":\"WebPage\",\"@id\":\"https:\/\/jonzac-hautesaintonge-accueil.com\/index.php\/mediatheque\/\",\"url\":\"https:\/\/jonzac-hautesaintonge-accueil.com\/index.php\/mediatheque\/\",\"name\":\"M\u00e9diath\u00e8que - Jonzac Haute~Saintonge Accueil\",\"isPartOf\":{\"@id\":\"https:\/\/jonzac-hautesaintonge-accueil.com\/#website\"},\"primaryImageOfPage\":{\"@id\":\"https:\/\/jonzac-hautesaintonge-accueil.com\/index.php\/mediatheque\/#primaryimage\"},\"image\":{\"@id\":\"https:\/\/jonzac-hautesaintonge-accueil.com\/index.php\/mediatheque\/#primaryimage\"},\"thumbnailUrl\":\"http:\/\/jonzac-hautesaintonge-accueil.com\/wp-content\/uploads\/2022\/09\/cache_2481372750-e1662269398903-851x1024.png\",\"datePublished\":\"2022-09-02T16:31:17+00:00\",\"dateModified\":\"2023-09-05T09:28:54+00:00\",\"description\":\"Jonzac Haute-Saintonge Accueil, m\u00e9diath\u00e8que\",\"breadcrumb\":{\"@id\":\"https:\/\/jonzac-hautesaintonge-accueil.com\/index.php\/mediatheque\/#breadcrumb\"},\"inLanguage\":\"fr-FR\",\"potentialAction\":[{\"@type\":\"ReadAction\",\"target\":[\"https:\/\/jonzac-hautesaintonge-accueil.com\/index.php\/mediatheque\/\"]}]},{\"@type\":\"ImageObject\",\"inLanguage\":\"fr-FR\",\"@id\":\"https:\/\/jonzac-hautesaintonge-accueil.com\/index.php\/mediatheque\/#primaryimage\",\"url\":\"http:\/\/jonzac-hautesaintonge-accueil.com\/wp-content\/uploads\/2022\/09\/cache_2481372750-e1662269398903-851x1024.png\",\"contentUrl\":\"http:\/\/jonzac-hautesaintonge-accueil.com\/wp-content\/uploads\/2022\/09\/cache_2481372750-e1662269398903-851x1024.png\"},{\"@type\":\"BreadcrumbList\",\"@id\":\"https:\/\/jonzac-hautesaintonge-accueil.com\/index.php\/mediatheque\/#breadcrumb\",\"itemListElement\":[{\"@type\":\"ListItem\",\"position\":1,\"name\":\"Accueil\",\"item\":\"https:\/\/jonzac-hautesaintonge-accueil.com\/\"},{\"@type\":\"ListItem\",\"position\":2,\"name\":\"M\u00e9diath\u00e8que\"}]},{\"@type\":\"WebSite\",\"@id\":\"https:\/\/jonzac-hautesaintonge-accueil.com\/#website\",\"url\":\"https:\/\/jonzac-hautesaintonge-accueil.com\/\",\"name\":\"Jonzac Haute~Saintonge Accueil\",\"description\":\"\",\"publisher\":{\"@id\":\"https:\/\/jonzac-hautesaintonge-accueil.com\/#organization\"},\"potentialAction\":[{\"@type\":\"SearchAction\",\"target\":{\"@type\":\"EntryPoint\",\"urlTemplate\":\"https:\/\/jonzac-hautesaintonge-accueil.com\/?s={search_term_string}\"},\"query-input\":{\"@type\":\"PropertyValueSpecification\",\"valueRequired\":true,\"valueName\":\"search_term_string\"}}],\"inLanguage\":\"fr-FR\"},{\"@type\":\"Organization\",\"@id\":\"https:\/\/jonzac-hautesaintonge-accueil.com\/#organization\",\"name\":\"Jonzac Haute~Saintonge Accueil\",\"url\":\"https:\/\/jonzac-hautesaintonge-accueil.com\/\",\"logo\":{\"@type\":\"ImageObject\",\"inLanguage\":\"fr-FR\",\"@id\":\"https:\/\/jonzac-hautesaintonge-accueil.com\/#\/schema\/logo\/image\/\",\"url\":\"http:\/\/jonzac-hautesaintonge-accueil.com\/wp-content\/uploads\/2022\/10\/office-de-tourisme-de-jonzac-logo-160518794262-1.png\",\"contentUrl\":\"http:\/\/jonzac-hautesaintonge-accueil.com\/wp-content\/uploads\/2022\/10\/office-de-tourisme-de-jonzac-logo-160518794262-1.png\",\"width\":200,\"height\":204,\"caption\":\"Jonzac Haute~Saintonge Accueil\"},\"image\":{\"@id\":\"https:\/\/jonzac-hautesaintonge-accueil.com\/#\/schema\/logo\/image\/\"}}]}<\/script>\n<!-- \/ Yoast SEO plugin. -->","yoast_head_json":{"title":"M\u00e9diath\u00e8que - Jonzac Haute~Saintonge Accueil","description":"Jonzac Haute-Saintonge Accueil, m\u00e9diath\u00e8que","robots":{"index":"index","follow":"follow","max-snippet":"max-snippet:-1","max-image-preview":"max-image-preview:large","max-video-preview":"max-video-preview:-1"},"canonical":"https:\/\/jonzac-hautesaintonge-accueil.com\/index.php\/mediatheque\/","og_locale":"fr_FR","og_type":"article","og_title":"Jonzac Haute-Saintonge Accueil","og_description":"Jonzac Haute-Saintonge Accueil, m\u00e9diath\u00e8que","og_url":"https:\/\/jonzac-hautesaintonge-accueil.com\/index.php\/mediatheque\/","og_site_name":"Jonzac Haute~Saintonge Accueil","article_modified_time":"2023-09-05T09:28:54+00:00","og_image":[{"width":200,"height":204,"url":"https:\/\/jonzac-hautesaintonge-accueil.com\/wp-content\/uploads\/2022\/10\/office-de-tourisme-de-jonzac-logo-160518794262-1.png","type":"image\/png"}],"twitter_card":"summary_large_image","twitter_title":"Jonzac Haute-Saintonge Accueil","twitter_description":"Jonzac Haute-Saintonge Accueil, m\u00e9diath\u00e8que","twitter_image":"https:\/\/jonzac-hautesaintonge-accueil.com\/wp-content\/uploads\/2022\/10\/office-de-tourisme-de-jonzac-logo-160518794262-1.png","twitter_misc":{"Dur\u00e9e de lecture estim\u00e9e":"1 minute"},"schema":{"@context":"https:\/\/schema.org","@graph":[{"@type":"WebPage","@id":"https:\/\/jonzac-hautesaintonge-accueil.com\/index.php\/mediatheque\/","url":"https:\/\/jonzac-hautesaintonge-accueil.com\/index.php\/mediatheque\/","name":"M\u00e9diath\u00e8que - Jonzac Haute~Saintonge Accueil","isPartOf":{"@id":"https:\/\/jonzac-hautesaintonge-accueil.com\/#website"},"primaryImageOfPage":{"@id":"https:\/\/jonzac-hautesaintonge-accueil.com\/index.php\/mediatheque\/#primaryimage"},"image":{"@id":"https:\/\/jonzac-hautesaintonge-accueil.com\/index.php\/mediatheque\/#primaryimage"},"thumbnailUrl":"http:\/\/jonzac-hautesaintonge-accueil.com\/wp-content\/uploads\/2022\/09\/cache_2481372750-e1662269398903-851x1024.png","datePublished":"2022-09-02T16:31:17+00:00","dateModified":"2023-09-05T09:28:54+00:00","description":"Jonzac Haute-Saintonge Accueil, m\u00e9diath\u00e8que","breadcrumb":{"@id":"https:\/\/jonzac-hautesaintonge-accueil.com\/index.php\/mediatheque\/#breadcrumb"},"inLanguage":"fr-FR","potentialAction":[{"@type":"ReadAction","target":["https:\/\/jonzac-hautesaintonge-accueil.com\/index.php\/mediatheque\/"]}]},{"@type":"ImageObject","inLanguage":"fr-FR","@id":"https:\/\/jonzac-hautesaintonge-accueil.com\/index.php\/mediatheque\/#primaryimage","url":"http:\/\/jonzac-hautesaintonge-accueil.com\/wp-content\/uploads\/2022\/09\/cache_2481372750-e1662269398903-851x1024.png","contentUrl":"http:\/\/jonzac-hautesaintonge-accueil.com\/wp-content\/uploads\/2022\/09\/cache_2481372750-e1662269398903-851x1024.png"},{"@type":"BreadcrumbList","@id":"https:\/\/jonzac-hautesaintonge-accueil.com\/index.php\/mediatheque\/#breadcrumb","itemListElement":[{"@type":"ListItem","position":1,"name":"Accueil","item":"https:\/\/jonzac-hautesaintonge-accueil.com\/"},{"@type":"ListItem","position":2,"name":"M\u00e9diath\u00e8que"}]},{"@type":"WebSite","@id":"https:\/\/jonzac-hautesaintonge-accueil.com\/#website","url":"https:\/\/jonzac-hautesaintonge-accueil.com\/","name":"Jonzac Haute~Saintonge Accueil","description":"","publisher":{"@id":"https:\/\/jonzac-hautesaintonge-accueil.com\/#organization"},"potentialAction":[{"@type":"SearchAction","target":{"@type":"EntryPoint","urlTemplate":"https:\/\/jonzac-hautesaintonge-accueil.com\/?s={search_term_string}"},"query-input":{"@type":"PropertyValueSpecification","valueRequired":true,"valueName":"search_term_string"}}],"inLanguage":"fr-FR"},{"@type":"Organization","@id":"https:\/\/jonzac-hautesaintonge-accueil.com\/#organization","name":"Jonzac Haute~Saintonge Accueil","url":"https:\/\/jonzac-hautesaintonge-accueil.com\/","logo":{"@type":"ImageObject","inLanguage":"fr-FR","@id":"https:\/\/jonzac-hautesaintonge-accueil.com\/#\/schema\/logo\/image\/","url":"http:\/\/jonzac-hautesaintonge-accueil.com\/wp-content\/uploads\/2022\/10\/office-de-tourisme-de-jonzac-logo-160518794262-1.png","contentUrl":"http:\/\/jonzac-hautesaintonge-accueil.com\/wp-content\/uploads\/2022\/10\/office-de-tourisme-de-jonzac-logo-160518794262-1.png","width":200,"height":204,"caption":"Jonzac Haute~Saintonge Accueil"},"image":{"@id":"https:\/\/jonzac-hautesaintonge-accueil.com\/#\/schema\/logo\/image\/"}}]}},"_links":{"self":[{"href":"https:\/\/jonzac-hautesaintonge-accueil.com\/index.php\/wp-json\/wp\/v2\/pages\/18","targetHints":{"allow":["GET"]}}],"collection":[{"href":"https:\/\/jonzac-hautesaintonge-accueil.com\/index.php\/wp-json\/wp\/v2\/pages"}],"about":[{"href":"https:\/\/jonzac-hautesaintonge-accueil.com\/index.php\/wp-json\/wp\/v2\/types\/page"}],"author":[{"embeddable":true,"href":"https:\/\/jonzac-hautesaintonge-accueil.com\/index.php\/wp-json\/wp\/v2\/users\/1"}],"replies":[{"embeddable":true,"href":"https:\/\/jonzac-hautesaintonge-accueil.com\/index.php\/wp-json\/wp\/v2\/comments?post=18"}],"version-history":[{"count":7,"href":"https:\/\/jonzac-hautesaintonge-accueil.com\/index.php\/wp-json\/wp\/v2\/pages\/18\/revisions"}],"predecessor-version":[{"id":1684,"href":"https:\/\/jonzac-hautesaintonge-accueil.com\/index.php\/wp-json\/wp\/v2\/pages\/18\/revisions\/1684"}],"wp:attachment":[{"href":"https:\/\/jonzac-hautesaintonge-accueil.com\/index.php\/wp-json\/wp\/v2\/media?parent=18"}],"curies":[{"name":"wp","href":"https:\/\/api.w.org\/{rel}","templated":true}]}}