{"id":1192,"date":"2023-03-29T18:13:59","date_gmt":"2023-03-29T16:13:59","guid":{"rendered":"http:\/\/jonzac-hautesaintonge-accueil.com\/?page_id=1192"},"modified":"2025-09-29T17:34:09","modified_gmt":"2025-09-29T15:34:09","slug":"on-parle-de-nous","status":"publish","type":"page","link":"https:\/\/jonzac-hautesaintonge-accueil.com\/index.php\/on-parle-de-nous\/","title":{"rendered":"On parle de nous"},"content":{"rendered":"\n<p>Forum des associations 6 Septembre 2025<\/p>\n\n\n\n<figure class=\"wp-block-image size-large\"><img loading=\"lazy\" decoding=\"async\" width=\"901\" height=\"1024\" src=\"https:\/\/jonzac-hautesaintonge-accueil.com\/wp-content\/uploads\/2025\/09\/FORUM2025-901x1024.jpg\" alt=\"\" class=\"wp-image-4273\" srcset=\"https:\/\/jonzac-hautesaintonge-accueil.com\/wp-content\/uploads\/2025\/09\/FORUM2025-901x1024.jpg 901w, https:\/\/jonzac-hautesaintonge-accueil.com\/wp-content\/uploads\/2025\/09\/FORUM2025-264x300.jpg 264w, https:\/\/jonzac-hautesaintonge-accueil.com\/wp-content\/uploads\/2025\/09\/FORUM2025-768x872.jpg 768w, https:\/\/jonzac-hautesaintonge-accueil.com\/wp-content\/uploads\/2025\/09\/FORUM2025-1352x1536.jpg 1352w, https:\/\/jonzac-hautesaintonge-accueil.com\/wp-content\/uploads\/2025\/09\/FORUM2025-1803x2048.jpg 1803w\" sizes=\"auto, (max-width: 767px) 89vw, (max-width: 1000px) 54vw, (max-width: 1071px) 543px, 580px\" \/><\/figure>\n\n\n\n<p>Bourse aux plantes 1er mai 2025 ( Article Haute Saintonge du 09.05.2025 )<\/p>\n\n\n\n<figure class=\"wp-block-image size-large\"><img loading=\"lazy\" decoding=\"async\" width=\"1024\" height=\"962\" src=\"http:\/\/jonzac-hautesaintonge-accueil.com\/wp-content\/uploads\/2025\/05\/IMG_0011-1024x962.jpg\" alt=\"\" class=\"wp-image-3962\" srcset=\"https:\/\/jonzac-hautesaintonge-accueil.com\/wp-content\/uploads\/2025\/05\/IMG_0011-1024x962.jpg 1024w, https:\/\/jonzac-hautesaintonge-accueil.com\/wp-content\/uploads\/2025\/05\/IMG_0011-300x282.jpg 300w, https:\/\/jonzac-hautesaintonge-accueil.com\/wp-content\/uploads\/2025\/05\/IMG_0011-768x721.jpg 768w, https:\/\/jonzac-hautesaintonge-accueil.com\/wp-content\/uploads\/2025\/05\/IMG_0011-1536x1442.jpg 1536w, https:\/\/jonzac-hautesaintonge-accueil.com\/wp-content\/uploads\/2025\/05\/IMG_0011-2048x1923.jpg 2048w\" sizes=\"auto, (max-width: 767px) 89vw, (max-width: 1000px) 54vw, (max-width: 1071px) 543px, 580px\" \/><\/figure>\n\n\n\n<p>Bourse aux plantes 1er Mai 2025 (Article Haute Saintonge du 2.05.2025 )<\/p>\n\n\n\n<figure class=\"wp-block-image size-large\"><img loading=\"lazy\" decoding=\"async\" width=\"715\" height=\"1024\" src=\"https:\/\/jonzac-hautesaintonge-accueil.com\/wp-content\/uploads\/2025\/05\/IMG_0012-715x1024.jpg\" alt=\"\" class=\"wp-image-3961\" srcset=\"https:\/\/jonzac-hautesaintonge-accueil.com\/wp-content\/uploads\/2025\/05\/IMG_0012-715x1024.jpg 715w, https:\/\/jonzac-hautesaintonge-accueil.com\/wp-content\/uploads\/2025\/05\/IMG_0012-210x300.jpg 210w, https:\/\/jonzac-hautesaintonge-accueil.com\/wp-content\/uploads\/2025\/05\/IMG_0012-768x1100.jpg 768w, https:\/\/jonzac-hautesaintonge-accueil.com\/wp-content\/uploads\/2025\/05\/IMG_0012-1073x1536.jpg 1073w, https:\/\/jonzac-hautesaintonge-accueil.com\/wp-content\/uploads\/2025\/05\/IMG_0012-1430x2048.jpg 1430w, https:\/\/jonzac-hautesaintonge-accueil.com\/wp-content\/uploads\/2025\/05\/IMG_0012-scaled.jpg 1788w\" sizes=\"auto, (max-width: 715px) 100vw, 715px\" \/><\/figure>\n\n\n\n<p><strong>Extrait de la Lettre mensuelle de Mai 2025 de l&rsquo;association MEMOIRE FRUITIERE des CHARENTES<\/strong><br>Le 1er mai, Jonzac Accueil et l&rsquo;amicale des Hospitaliers ont organis\u00e9, avec le soutien de la m\u00e9diath\u00e8que, la 21\u00e8me \u00e9dition de la bourse aux plantes au Cloitre des Cordeliers. Cette ann\u00e9e, le th\u00e8me \u00e9tait l&rsquo;art au jardin.<br>Le temps a \u00e9t\u00e9 merveilleux et les b\u00e9n\u00e9voles ont pu rencontrer beaucoup de personnes, principalement le matin.<\/p>\n\n\n\n<p><strong>Article Sud Ouest du 27\/04\/2025<\/strong><\/p>\n\n\n\n<figure class=\"wp-block-image size-full\"><img loading=\"lazy\" decoding=\"async\" width=\"520\" height=\"803\" src=\"https:\/\/jonzac-hautesaintonge-accueil.com\/wp-content\/uploads\/2025\/05\/articlesudouest.jpg\" alt=\"\" class=\"wp-image-3875\" srcset=\"https:\/\/jonzac-hautesaintonge-accueil.com\/wp-content\/uploads\/2025\/05\/articlesudouest.jpg 520w, https:\/\/jonzac-hautesaintonge-accueil.com\/wp-content\/uploads\/2025\/05\/articlesudouest-194x300.jpg 194w\" sizes=\"auto, (max-width: 520px) 100vw, 520px\" \/><\/figure>\n\n\n\n<p>Article du journal Sud Ouest du 31\/03\/2025<\/p>\n\n\n\n<figure class=\"wp-block-image size-full\"><img loading=\"lazy\" decoding=\"async\" width=\"512\" height=\"793\" src=\"http:\/\/jonzac-hautesaintonge-accueil.com\/wp-content\/uploads\/2025\/03\/presse.jpeg\" alt=\"\" class=\"wp-image-3798\" srcset=\"https:\/\/jonzac-hautesaintonge-accueil.com\/wp-content\/uploads\/2025\/03\/presse.jpeg 512w, https:\/\/jonzac-hautesaintonge-accueil.com\/wp-content\/uploads\/2025\/03\/presse-194x300.jpeg 194w\" sizes=\"auto, (max-width: 512px) 100vw, 512px\" \/><\/figure>\n\n\n\n<p><strong>Article du journal de Haute Saintonge 21 Mars 2025<\/strong><\/p>\n\n\n\n<figure class=\"wp-block-image size-large\"><img loading=\"lazy\" decoding=\"async\" width=\"737\" height=\"1024\" src=\"https:\/\/jonzac-hautesaintonge-accueil.com\/wp-content\/uploads\/2025\/03\/greffage-737x1024.jpg\" alt=\"\" class=\"wp-image-3782\" srcset=\"https:\/\/jonzac-hautesaintonge-accueil.com\/wp-content\/uploads\/2025\/03\/greffage-737x1024.jpg 737w, https:\/\/jonzac-hautesaintonge-accueil.com\/wp-content\/uploads\/2025\/03\/greffage-216x300.jpg 216w, https:\/\/jonzac-hautesaintonge-accueil.com\/wp-content\/uploads\/2025\/03\/greffage-768x1068.jpg 768w, https:\/\/jonzac-hautesaintonge-accueil.com\/wp-content\/uploads\/2025\/03\/greffage.jpg 994w\" sizes=\"auto, (max-width: 737px) 100vw, 737px\" \/><\/figure>\n\n\n\n<p><\/p>\n\n\n\n<p><strong>Article Sud Ouest Janvier 2025<\/strong><\/p>\n\n\n\n<figure class=\"wp-block-image size-full\"><img loading=\"lazy\" decoding=\"async\" width=\"1012\" height=\"795\" src=\"http:\/\/jonzac-hautesaintonge-accueil.com\/wp-content\/uploads\/2025\/01\/Article-SO-012025.jpeg\" alt=\"\" class=\"wp-image-3540\" srcset=\"https:\/\/jonzac-hautesaintonge-accueil.com\/wp-content\/uploads\/2025\/01\/Article-SO-012025.jpeg 1012w, https:\/\/jonzac-hautesaintonge-accueil.com\/wp-content\/uploads\/2025\/01\/Article-SO-012025-300x236.jpeg 300w, https:\/\/jonzac-hautesaintonge-accueil.com\/wp-content\/uploads\/2025\/01\/Article-SO-012025-768x603.jpeg 768w\" sizes=\"auto, (max-width: 767px) 89vw, (max-width: 1000px) 54vw, (max-width: 1071px) 543px, 580px\" \/><\/figure>\n\n\n\n<p><strong>Gouter de No\u00ebl &#8211; Jeudi 19 D\u00e9cembre 2024<\/strong><br><\/p>\n\n\n\n<figure class=\"wp-block-image size-large\"><img loading=\"lazy\" decoding=\"async\" width=\"1024\" height=\"724\" src=\"http:\/\/jonzac-hautesaintonge-accueil.com\/wp-content\/uploads\/2024\/12\/ARTICLE-SUD-OUEST-ASSO-JONZAC-ACCUEIL-DU-25-12-24-1024x724.jpg\" alt=\"\" class=\"wp-image-3521\" srcset=\"https:\/\/jonzac-hautesaintonge-accueil.com\/wp-content\/uploads\/2024\/12\/ARTICLE-SUD-OUEST-ASSO-JONZAC-ACCUEIL-DU-25-12-24-1024x724.jpg 1024w, https:\/\/jonzac-hautesaintonge-accueil.com\/wp-content\/uploads\/2024\/12\/ARTICLE-SUD-OUEST-ASSO-JONZAC-ACCUEIL-DU-25-12-24-300x212.jpg 300w, https:\/\/jonzac-hautesaintonge-accueil.com\/wp-content\/uploads\/2024\/12\/ARTICLE-SUD-OUEST-ASSO-JONZAC-ACCUEIL-DU-25-12-24-768x543.jpg 768w, https:\/\/jonzac-hautesaintonge-accueil.com\/wp-content\/uploads\/2024\/12\/ARTICLE-SUD-OUEST-ASSO-JONZAC-ACCUEIL-DU-25-12-24-1536x1086.jpg 1536w, https:\/\/jonzac-hautesaintonge-accueil.com\/wp-content\/uploads\/2024\/12\/ARTICLE-SUD-OUEST-ASSO-JONZAC-ACCUEIL-DU-25-12-24-2048x1448.jpg 2048w\" sizes=\"auto, (max-width: 767px) 89vw, (max-width: 1000px) 54vw, (max-width: 1071px) 543px, 580px\" \/><\/figure>\n\n\n\n<p>Journ\u00e9e Champignons Octobre 2024 &#8211; Article Sud Ouest<\/p>\n\n\n\n<figure class=\"wp-block-image size-full\"><img loading=\"lazy\" decoding=\"async\" width=\"757\" height=\"564\" src=\"http:\/\/jonzac-hautesaintonge-accueil.com\/wp-content\/uploads\/2024\/11\/ChampignonsSudOuest2024.jpeg\" alt=\"\" class=\"wp-image-3387\" srcset=\"https:\/\/jonzac-hautesaintonge-accueil.com\/wp-content\/uploads\/2024\/11\/ChampignonsSudOuest2024.jpeg 757w, https:\/\/jonzac-hautesaintonge-accueil.com\/wp-content\/uploads\/2024\/11\/ChampignonsSudOuest2024-300x224.jpeg 300w\" sizes=\"auto, (max-width: 706px) 89vw, (max-width: 767px) 82vw, 740px\" \/><\/figure>\n\n\n\n<figure class=\"wp-block-image size-large\"><img loading=\"lazy\" decoding=\"async\" width=\"425\" height=\"1024\" src=\"http:\/\/jonzac-hautesaintonge-accueil.com\/wp-content\/uploads\/2024\/03\/JONZACsecuriteroutiere-425x1024.jpg\" alt=\"\" class=\"wp-image-2606\" srcset=\"https:\/\/jonzac-hautesaintonge-accueil.com\/wp-content\/uploads\/2024\/03\/JONZACsecuriteroutiere-425x1024.jpg 425w, https:\/\/jonzac-hautesaintonge-accueil.com\/wp-content\/uploads\/2024\/03\/JONZACsecuriteroutiere-124x300.jpg 124w, https:\/\/jonzac-hautesaintonge-accueil.com\/wp-content\/uploads\/2024\/03\/JONZACsecuriteroutiere.jpg 619w\" sizes=\"auto, (max-width: 425px) 100vw, 425px\" \/><\/figure>\n\n\n\n<p><strong><mark style=\"background-color:rgba(0, 0, 0, 0)\" class=\"has-inline-color has-luminous-vivid-orange-color\">Article Haute Saintonge  19\/01\/2024<\/mark><\/strong><br><\/p>\n\n\n\n<figure class=\"wp-block-image size-large\"><img loading=\"lazy\" decoding=\"async\" width=\"758\" height=\"1024\" src=\"http:\/\/jonzac-hautesaintonge-accueil.com\/wp-content\/uploads\/2024\/01\/image-2-758x1024.png\" alt=\"\" class=\"wp-image-2403\" srcset=\"https:\/\/jonzac-hautesaintonge-accueil.com\/wp-content\/uploads\/2024\/01\/image-2-758x1024.png 758w, https:\/\/jonzac-hautesaintonge-accueil.com\/wp-content\/uploads\/2024\/01\/image-2-222x300.png 222w, https:\/\/jonzac-hautesaintonge-accueil.com\/wp-content\/uploads\/2024\/01\/image-2-768x1037.png 768w, https:\/\/jonzac-hautesaintonge-accueil.com\/wp-content\/uploads\/2024\/01\/image-2-1137x1536.png 1137w, https:\/\/jonzac-hautesaintonge-accueil.com\/wp-content\/uploads\/2024\/01\/image-2.png 1217w\" sizes=\"auto, (max-width: 706px) 89vw, (max-width: 767px) 82vw, 740px\" \/><\/figure>\n\n\n\n<p><strong><mark style=\"background-color:rgba(0, 0, 0, 0)\" class=\"has-inline-color has-luminous-vivid-orange-color\">Article Sud Ouest  19\/01\/2024<\/mark><\/strong><br><\/p>\n\n\n\n<figure class=\"wp-block-image size-large\"><img loading=\"lazy\" decoding=\"async\" width=\"809\" height=\"1024\" src=\"http:\/\/jonzac-hautesaintonge-accueil.com\/wp-content\/uploads\/2024\/01\/image-3-809x1024.png\" alt=\"\" class=\"wp-image-2406\" srcset=\"https:\/\/jonzac-hautesaintonge-accueil.com\/wp-content\/uploads\/2024\/01\/image-3-809x1024.png 809w, https:\/\/jonzac-hautesaintonge-accueil.com\/wp-content\/uploads\/2024\/01\/image-3-237x300.png 237w, https:\/\/jonzac-hautesaintonge-accueil.com\/wp-content\/uploads\/2024\/01\/image-3-768x972.png 768w, https:\/\/jonzac-hautesaintonge-accueil.com\/wp-content\/uploads\/2024\/01\/image-3.png 1202w\" sizes=\"auto, (max-width: 767px) 89vw, (max-width: 1000px) 54vw, (max-width: 1071px) 543px, 580px\" \/><\/figure>\n\n\n\n<p><strong><mark style=\"background-color:rgba(0, 0, 0, 0)\" class=\"has-inline-color has-luminous-vivid-orange-color\">Journ\u00e9e d\u00e9couverte des champignons 19 Octobre 2023<\/mark><\/strong><\/p>\n\n\n\n<figure class=\"wp-block-image size-full\"><img loading=\"lazy\" decoding=\"async\" width=\"782\" height=\"1024\" src=\"http:\/\/jonzac-hautesaintonge-accueil.com\/wp-content\/uploads\/2024\/01\/image-1.png\" alt=\"\" class=\"wp-image-2390\" srcset=\"https:\/\/jonzac-hautesaintonge-accueil.com\/wp-content\/uploads\/2024\/01\/image-1.png 782w, https:\/\/jonzac-hautesaintonge-accueil.com\/wp-content\/uploads\/2024\/01\/image-1-229x300.png 229w, https:\/\/jonzac-hautesaintonge-accueil.com\/wp-content\/uploads\/2024\/01\/image-1-768x1006.png 768w\" sizes=\"auto, (max-width: 767px) 89vw, (max-width: 1000px) 54vw, (max-width: 1071px) 543px, 580px\" \/><\/figure>\n\n\n\n<p><strong><mark style=\"background-color:rgba(0, 0, 0, 0)\" class=\"has-inline-color has-luminous-vivid-orange-color\">Journ\u00e9e portes Ouvertes Septembre 2023<\/mark><\/strong><\/p>\n\n\n\n<figure class=\"wp-block-image size-large\"><img loading=\"lazy\" decoding=\"async\" width=\"1024\" height=\"707\" src=\"http:\/\/jonzac-hautesaintonge-accueil.com\/wp-content\/uploads\/2023\/09\/PORTESOUVERTES2023-1024x707.png\" alt=\"\" class=\"wp-image-1713\" srcset=\"https:\/\/jonzac-hautesaintonge-accueil.com\/wp-content\/uploads\/2023\/09\/PORTESOUVERTES2023-1024x707.png 1024w, https:\/\/jonzac-hautesaintonge-accueil.com\/wp-content\/uploads\/2023\/09\/PORTESOUVERTES2023-300x207.png 300w, https:\/\/jonzac-hautesaintonge-accueil.com\/wp-content\/uploads\/2023\/09\/PORTESOUVERTES2023-768x530.png 768w, https:\/\/jonzac-hautesaintonge-accueil.com\/wp-content\/uploads\/2023\/09\/PORTESOUVERTES2023-1536x1060.png 1536w, https:\/\/jonzac-hautesaintonge-accueil.com\/wp-content\/uploads\/2023\/09\/PORTESOUVERTES2023-2048x1414.png 2048w\" sizes=\"auto, (max-width: 767px) 89vw, (max-width: 1000px) 54vw, (max-width: 1071px) 543px, 580px\" \/><\/figure>\n\n\n\n<p><strong><mark style=\"background-color:rgba(0, 0, 0, 0)\" class=\"has-inline-color has-luminous-vivid-orange-color\">Assembl\u00e9e g\u00e9n\u00e9rale Article journal de Haute Saintonge 10 Juillet 2023<\/mark><\/strong><\/p>\n\n\n\n<figure class=\"wp-block-image size-large\"><img loading=\"lazy\" decoding=\"async\" width=\"893\" height=\"1024\" src=\"http:\/\/jonzac-hautesaintonge-accueil.com\/wp-content\/uploads\/2023\/08\/image-893x1024.png\" alt=\"\" class=\"wp-image-1610\" srcset=\"https:\/\/jonzac-hautesaintonge-accueil.com\/wp-content\/uploads\/2023\/08\/image-893x1024.png 893w, https:\/\/jonzac-hautesaintonge-accueil.com\/wp-content\/uploads\/2023\/08\/image-262x300.png 262w, https:\/\/jonzac-hautesaintonge-accueil.com\/wp-content\/uploads\/2023\/08\/image-768x881.png 768w, https:\/\/jonzac-hautesaintonge-accueil.com\/wp-content\/uploads\/2023\/08\/image-1339x1536.png 1339w, https:\/\/jonzac-hautesaintonge-accueil.com\/wp-content\/uploads\/2023\/08\/image-1785x2048.png 1785w, https:\/\/jonzac-hautesaintonge-accueil.com\/wp-content\/uploads\/2023\/08\/image.png 1916w\" sizes=\"auto, (max-width: 767px) 89vw, (max-width: 1000px) 54vw, (max-width: 1071px) 543px, 580px\" \/><\/figure>\n\n\n\n<p><strong><mark style=\"background-color:rgba(0, 0, 0, 0)\" class=\"has-inline-color has-luminous-vivid-orange-color\">Article Sud Ouest 26\/01\/2023<\/mark><\/strong><\/p>\n\n\n\n<figure class=\"wp-block-image size-full\"><img loading=\"lazy\" decoding=\"async\" width=\"384\" height=\"647\" src=\"http:\/\/jonzac-hautesaintonge-accueil.com\/wp-content\/uploads\/2023\/01\/SUDOUEST012023.jpg\" alt=\"\" class=\"wp-image-1007\" srcset=\"https:\/\/jonzac-hautesaintonge-accueil.com\/wp-content\/uploads\/2023\/01\/SUDOUEST012023.jpg 384w, https:\/\/jonzac-hautesaintonge-accueil.com\/wp-content\/uploads\/2023\/01\/SUDOUEST012023-178x300.jpg 178w\" sizes=\"auto, (max-width: 384px) 100vw, 384px\" \/><\/figure>\n","protected":false},"excerpt":{"rendered":"<p>Forum des associations 6 Septembre 2025 Bourse aux plantes 1er mai 2025 ( Article Haute Saintonge du 09.05.2025 ) Bourse aux plantes 1er Mai 2025 (Article Haute Saintonge du 2.05.2025 ) Extrait de la Lettre mensuelle de Mai 2025 de l&rsquo;association MEMOIRE FRUITIERE des CHARENTESLe 1er mai, Jonzac Accueil et l&rsquo;amicale des Hospitaliers ont organis\u00e9, &hellip; <\/p>\n<p class=\"link-more\"><a href=\"https:\/\/jonzac-hautesaintonge-accueil.com\/index.php\/on-parle-de-nous\/\" class=\"more-link\">Continuer la lecture<span class=\"screen-reader-text\"> de &laquo;&nbsp;On parle de nous&nbsp;&raquo;<\/span><\/a><\/p>\n","protected":false},"author":1,"featured_media":0,"parent":0,"menu_order":0,"comment_status":"closed","ping_status":"closed","template":"","meta":{"footnotes":""},"class_list":["post-1192","page","type-page","status-publish","hentry"],"yoast_head":"<!-- This site is optimized with the Yoast SEO plugin v27.1.1 - https:\/\/yoast.com\/product\/yoast-seo-wordpress\/ -->\n<title>On parle de nous - Jonzac Haute~Saintonge Accueil<\/title>\n<meta name=\"robots\" content=\"index, follow, max-snippet:-1, max-image-preview:large, max-video-preview:-1\" \/>\n<link rel=\"canonical\" href=\"https:\/\/jonzac-hautesaintonge-accueil.com\/index.php\/on-parle-de-nous\/\" \/>\n<meta property=\"og:locale\" content=\"fr_FR\" \/>\n<meta property=\"og:type\" content=\"article\" \/>\n<meta property=\"og:title\" content=\"On parle de nous - Jonzac Haute~Saintonge Accueil\" \/>\n<meta property=\"og:description\" content=\"Forum des associations 6 Septembre 2025 Bourse aux plantes 1er mai 2025 ( Article Haute Saintonge du 09.05.2025 ) Bourse aux plantes 1er Mai 2025 (Article Haute Saintonge du 2.05.2025 ) Extrait de la Lettre mensuelle de Mai 2025 de l&rsquo;association MEMOIRE FRUITIERE des CHARENTESLe 1er mai, Jonzac Accueil et l&rsquo;amicale des Hospitaliers ont organis\u00e9, &hellip; Continuer la lecture de &laquo;&nbsp;On parle de nous&nbsp;&raquo;\" \/>\n<meta property=\"og:url\" content=\"https:\/\/jonzac-hautesaintonge-accueil.com\/index.php\/on-parle-de-nous\/\" \/>\n<meta property=\"og:site_name\" content=\"Jonzac Haute~Saintonge Accueil\" \/>\n<meta property=\"article:modified_time\" content=\"2025-09-29T15:34:09+00:00\" \/>\n<meta property=\"og:image\" content=\"https:\/\/jonzac-hautesaintonge-accueil.com\/wp-content\/uploads\/2025\/09\/FORUM2025-scaled.jpg\" \/>\n\t<meta property=\"og:image:width\" content=\"2253\" \/>\n\t<meta property=\"og:image:height\" content=\"2560\" \/>\n\t<meta property=\"og:image:type\" content=\"image\/jpeg\" \/>\n<meta name=\"twitter:card\" content=\"summary_large_image\" \/>\n<meta name=\"twitter:label1\" content=\"Dur\u00e9e de lecture estim\u00e9e\" \/>\n\t<meta name=\"twitter:data1\" content=\"5 minutes\" \/>\n<script type=\"application\/ld+json\" class=\"yoast-schema-graph\">{\"@context\":\"https:\/\/schema.org\",\"@graph\":[{\"@type\":\"WebPage\",\"@id\":\"https:\/\/jonzac-hautesaintonge-accueil.com\/index.php\/on-parle-de-nous\/\",\"url\":\"https:\/\/jonzac-hautesaintonge-accueil.com\/index.php\/on-parle-de-nous\/\",\"name\":\"On parle de nous - Jonzac Haute~Saintonge Accueil\",\"isPartOf\":{\"@id\":\"https:\/\/jonzac-hautesaintonge-accueil.com\/#website\"},\"primaryImageOfPage\":{\"@id\":\"https:\/\/jonzac-hautesaintonge-accueil.com\/index.php\/on-parle-de-nous\/#primaryimage\"},\"image\":{\"@id\":\"https:\/\/jonzac-hautesaintonge-accueil.com\/index.php\/on-parle-de-nous\/#primaryimage\"},\"thumbnailUrl\":\"https:\/\/jonzac-hautesaintonge-accueil.com\/wp-content\/uploads\/2025\/09\/FORUM2025-901x1024.jpg\",\"datePublished\":\"2023-03-29T16:13:59+00:00\",\"dateModified\":\"2025-09-29T15:34:09+00:00\",\"breadcrumb\":{\"@id\":\"https:\/\/jonzac-hautesaintonge-accueil.com\/index.php\/on-parle-de-nous\/#breadcrumb\"},\"inLanguage\":\"fr-FR\",\"potentialAction\":[{\"@type\":\"ReadAction\",\"target\":[\"https:\/\/jonzac-hautesaintonge-accueil.com\/index.php\/on-parle-de-nous\/\"]}]},{\"@type\":\"ImageObject\",\"inLanguage\":\"fr-FR\",\"@id\":\"https:\/\/jonzac-hautesaintonge-accueil.com\/index.php\/on-parle-de-nous\/#primaryimage\",\"url\":\"https:\/\/jonzac-hautesaintonge-accueil.com\/wp-content\/uploads\/2025\/09\/FORUM2025-scaled.jpg\",\"contentUrl\":\"https:\/\/jonzac-hautesaintonge-accueil.com\/wp-content\/uploads\/2025\/09\/FORUM2025-scaled.jpg\",\"width\":2253,\"height\":2560},{\"@type\":\"BreadcrumbList\",\"@id\":\"https:\/\/jonzac-hautesaintonge-accueil.com\/index.php\/on-parle-de-nous\/#breadcrumb\",\"itemListElement\":[{\"@type\":\"ListItem\",\"position\":1,\"name\":\"Accueil\",\"item\":\"https:\/\/jonzac-hautesaintonge-accueil.com\/\"},{\"@type\":\"ListItem\",\"position\":2,\"name\":\"On parle de nous\"}]},{\"@type\":\"WebSite\",\"@id\":\"https:\/\/jonzac-hautesaintonge-accueil.com\/#website\",\"url\":\"https:\/\/jonzac-hautesaintonge-accueil.com\/\",\"name\":\"Jonzac Haute~Saintonge Accueil\",\"description\":\"\",\"publisher\":{\"@id\":\"https:\/\/jonzac-hautesaintonge-accueil.com\/#organization\"},\"potentialAction\":[{\"@type\":\"SearchAction\",\"target\":{\"@type\":\"EntryPoint\",\"urlTemplate\":\"https:\/\/jonzac-hautesaintonge-accueil.com\/?s={search_term_string}\"},\"query-input\":{\"@type\":\"PropertyValueSpecification\",\"valueRequired\":true,\"valueName\":\"search_term_string\"}}],\"inLanguage\":\"fr-FR\"},{\"@type\":\"Organization\",\"@id\":\"https:\/\/jonzac-hautesaintonge-accueil.com\/#organization\",\"name\":\"Jonzac Haute~Saintonge Accueil\",\"url\":\"https:\/\/jonzac-hautesaintonge-accueil.com\/\",\"logo\":{\"@type\":\"ImageObject\",\"inLanguage\":\"fr-FR\",\"@id\":\"https:\/\/jonzac-hautesaintonge-accueil.com\/#\/schema\/logo\/image\/\",\"url\":\"http:\/\/jonzac-hautesaintonge-accueil.com\/wp-content\/uploads\/2022\/10\/office-de-tourisme-de-jonzac-logo-160518794262-1.png\",\"contentUrl\":\"http:\/\/jonzac-hautesaintonge-accueil.com\/wp-content\/uploads\/2022\/10\/office-de-tourisme-de-jonzac-logo-160518794262-1.png\",\"width\":200,\"height\":204,\"caption\":\"Jonzac Haute~Saintonge Accueil\"},\"image\":{\"@id\":\"https:\/\/jonzac-hautesaintonge-accueil.com\/#\/schema\/logo\/image\/\"}}]}<\/script>\n<!-- \/ Yoast SEO plugin. -->","yoast_head_json":{"title":"On parle de nous - Jonzac Haute~Saintonge Accueil","robots":{"index":"index","follow":"follow","max-snippet":"max-snippet:-1","max-image-preview":"max-image-preview:large","max-video-preview":"max-video-preview:-1"},"canonical":"https:\/\/jonzac-hautesaintonge-accueil.com\/index.php\/on-parle-de-nous\/","og_locale":"fr_FR","og_type":"article","og_title":"On parle de nous - Jonzac Haute~Saintonge Accueil","og_description":"Forum des associations 6 Septembre 2025 Bourse aux plantes 1er mai 2025 ( Article Haute Saintonge du 09.05.2025 ) Bourse aux plantes 1er Mai 2025 (Article Haute Saintonge du 2.05.2025 ) Extrait de la Lettre mensuelle de Mai 2025 de l&rsquo;association MEMOIRE FRUITIERE des CHARENTESLe 1er mai, Jonzac Accueil et l&rsquo;amicale des Hospitaliers ont organis\u00e9, &hellip; Continuer la lecture de &laquo;&nbsp;On parle de nous&nbsp;&raquo;","og_url":"https:\/\/jonzac-hautesaintonge-accueil.com\/index.php\/on-parle-de-nous\/","og_site_name":"Jonzac Haute~Saintonge Accueil","article_modified_time":"2025-09-29T15:34:09+00:00","og_image":[{"width":2253,"height":2560,"url":"https:\/\/jonzac-hautesaintonge-accueil.com\/wp-content\/uploads\/2025\/09\/FORUM2025-scaled.jpg","type":"image\/jpeg"}],"twitter_card":"summary_large_image","twitter_misc":{"Dur\u00e9e de lecture estim\u00e9e":"5 minutes"},"schema":{"@context":"https:\/\/schema.org","@graph":[{"@type":"WebPage","@id":"https:\/\/jonzac-hautesaintonge-accueil.com\/index.php\/on-parle-de-nous\/","url":"https:\/\/jonzac-hautesaintonge-accueil.com\/index.php\/on-parle-de-nous\/","name":"On parle de nous - Jonzac Haute~Saintonge Accueil","isPartOf":{"@id":"https:\/\/jonzac-hautesaintonge-accueil.com\/#website"},"primaryImageOfPage":{"@id":"https:\/\/jonzac-hautesaintonge-accueil.com\/index.php\/on-parle-de-nous\/#primaryimage"},"image":{"@id":"https:\/\/jonzac-hautesaintonge-accueil.com\/index.php\/on-parle-de-nous\/#primaryimage"},"thumbnailUrl":"https:\/\/jonzac-hautesaintonge-accueil.com\/wp-content\/uploads\/2025\/09\/FORUM2025-901x1024.jpg","datePublished":"2023-03-29T16:13:59+00:00","dateModified":"2025-09-29T15:34:09+00:00","breadcrumb":{"@id":"https:\/\/jonzac-hautesaintonge-accueil.com\/index.php\/on-parle-de-nous\/#breadcrumb"},"inLanguage":"fr-FR","potentialAction":[{"@type":"ReadAction","target":["https:\/\/jonzac-hautesaintonge-accueil.com\/index.php\/on-parle-de-nous\/"]}]},{"@type":"ImageObject","inLanguage":"fr-FR","@id":"https:\/\/jonzac-hautesaintonge-accueil.com\/index.php\/on-parle-de-nous\/#primaryimage","url":"https:\/\/jonzac-hautesaintonge-accueil.com\/wp-content\/uploads\/2025\/09\/FORUM2025-scaled.jpg","contentUrl":"https:\/\/jonzac-hautesaintonge-accueil.com\/wp-content\/uploads\/2025\/09\/FORUM2025-scaled.jpg","width":2253,"height":2560},{"@type":"BreadcrumbList","@id":"https:\/\/jonzac-hautesaintonge-accueil.com\/index.php\/on-parle-de-nous\/#breadcrumb","itemListElement":[{"@type":"ListItem","position":1,"name":"Accueil","item":"https:\/\/jonzac-hautesaintonge-accueil.com\/"},{"@type":"ListItem","position":2,"name":"On parle de nous"}]},{"@type":"WebSite","@id":"https:\/\/jonzac-hautesaintonge-accueil.com\/#website","url":"https:\/\/jonzac-hautesaintonge-accueil.com\/","name":"Jonzac Haute~Saintonge Accueil","description":"","publisher":{"@id":"https:\/\/jonzac-hautesaintonge-accueil.com\/#organization"},"potentialAction":[{"@type":"SearchAction","target":{"@type":"EntryPoint","urlTemplate":"https:\/\/jonzac-hautesaintonge-accueil.com\/?s={search_term_string}"},"query-input":{"@type":"PropertyValueSpecification","valueRequired":true,"valueName":"search_term_string"}}],"inLanguage":"fr-FR"},{"@type":"Organization","@id":"https:\/\/jonzac-hautesaintonge-accueil.com\/#organization","name":"Jonzac Haute~Saintonge Accueil","url":"https:\/\/jonzac-hautesaintonge-accueil.com\/","logo":{"@type":"ImageObject","inLanguage":"fr-FR","@id":"https:\/\/jonzac-hautesaintonge-accueil.com\/#\/schema\/logo\/image\/","url":"http:\/\/jonzac-hautesaintonge-accueil.com\/wp-content\/uploads\/2022\/10\/office-de-tourisme-de-jonzac-logo-160518794262-1.png","contentUrl":"http:\/\/jonzac-hautesaintonge-accueil.com\/wp-content\/uploads\/2022\/10\/office-de-tourisme-de-jonzac-logo-160518794262-1.png","width":200,"height":204,"caption":"Jonzac Haute~Saintonge Accueil"},"image":{"@id":"https:\/\/jonzac-hautesaintonge-accueil.com\/#\/schema\/logo\/image\/"}}]}},"_links":{"self":[{"href":"https:\/\/jonzac-hautesaintonge-accueil.com\/index.php\/wp-json\/wp\/v2\/pages\/1192","targetHints":{"allow":["GET"]}}],"collection":[{"href":"https:\/\/jonzac-hautesaintonge-accueil.com\/index.php\/wp-json\/wp\/v2\/pages"}],"about":[{"href":"https:\/\/jonzac-hautesaintonge-accueil.com\/index.php\/wp-json\/wp\/v2\/types\/page"}],"author":[{"embeddable":true,"href":"https:\/\/jonzac-hautesaintonge-accueil.com\/index.php\/wp-json\/wp\/v2\/users\/1"}],"replies":[{"embeddable":true,"href":"https:\/\/jonzac-hautesaintonge-accueil.com\/index.php\/wp-json\/wp\/v2\/comments?post=1192"}],"version-history":[{"count":45,"href":"https:\/\/jonzac-hautesaintonge-accueil.com\/index.php\/wp-json\/wp\/v2\/pages\/1192\/revisions"}],"predecessor-version":[{"id":4274,"href":"https:\/\/jonzac-hautesaintonge-accueil.com\/index.php\/wp-json\/wp\/v2\/pages\/1192\/revisions\/4274"}],"wp:attachment":[{"href":"https:\/\/jonzac-hautesaintonge-accueil.com\/index.php\/wp-json\/wp\/v2\/media?parent=1192"}],"curies":[{"name":"wp","href":"https:\/\/api.w.org\/{rel}","templated":true}]}}