{"id":10,"date":"2022-09-02T18:29:45","date_gmt":"2022-09-02T16:29:45","guid":{"rendered":"http:\/\/jonzac-hautesaintonge-accueil.com\/?page_id=10"},"modified":"2025-11-15T09:37:38","modified_gmt":"2025-11-15T08:37:38","slug":"jeux-de-societe","status":"publish","type":"page","link":"https:\/\/jonzac-hautesaintonge-accueil.com\/index.php\/jeux-de-societe\/","title":{"rendered":"Jeux de soci\u00e9t\u00e9"},"content":{"rendered":"\n<p><strong>Scrabble<\/strong><\/p>\n\n\n\n<div class=\"wp-block-columns is-layout-flex wp-container-core-columns-is-layout-9d6595d7 wp-block-columns-is-layout-flex\">\n<div class=\"wp-block-column is-layout-flow wp-block-column-is-layout-flow\" style=\"flex-basis:66.66%\">\n<p>D\u00e9velopper m\u00e9moire, orthographe, vocabulaire, calcul mental. <br>Jouer en toute convivialit\u00e9. <br><strong>Dans nos locaux, le lundi de 15h \u00e0 18h.<\/strong><\/p>\n<\/div>\n\n\n\n<div class=\"wp-block-column is-layout-flow wp-block-column-is-layout-flow\" style=\"flex-basis:33.33%\"><div class=\"wp-block-image\">\n<figure class=\"aligncenter size-full is-resized\"><img loading=\"lazy\" decoding=\"async\" width=\"1011\" height=\"941\" src=\"http:\/\/jonzac-hautesaintonge-accueil.com\/wp-content\/uploads\/2022\/09\/scrabble126092022.jpg\" alt=\"\" class=\"wp-image-580\" style=\"width:141px;height:131px\" srcset=\"https:\/\/jonzac-hautesaintonge-accueil.com\/wp-content\/uploads\/2022\/09\/scrabble126092022.jpg 1011w, https:\/\/jonzac-hautesaintonge-accueil.com\/wp-content\/uploads\/2022\/09\/scrabble126092022-300x279.jpg 300w, https:\/\/jonzac-hautesaintonge-accueil.com\/wp-content\/uploads\/2022\/09\/scrabble126092022-768x715.jpg 768w\" sizes=\"auto, (max-width: 767px) 89vw, (max-width: 1000px) 54vw, (max-width: 1071px) 543px, 580px\" \/><\/figure>\n<\/div><\/div>\n<\/div>\n\n\n\n<hr class=\"wp-block-separator has-alpha-channel-opacity\"\/>\n\n\n\n<p><strong>Jeux d&rsquo;\u00e9chec<\/strong><\/p>\n\n\n\n<div class=\"wp-block-columns is-layout-flex wp-container-core-columns-is-layout-9d6595d7 wp-block-columns-is-layout-flex\">\n<div class=\"wp-block-column is-layout-flow wp-block-column-is-layout-flow\" style=\"flex-basis:33.33%\"><div class=\"wp-block-image\">\n<figure class=\"aligncenter size-full is-resized\"><img loading=\"lazy\" decoding=\"async\" width=\"217\" height=\"162\" src=\"http:\/\/jonzac-hautesaintonge-accueil.com\/wp-content\/uploads\/2022\/09\/vignette_jeux.jpg\" alt=\"\" class=\"wp-image-99\" style=\"width:171px;height:128px\"\/><\/figure>\n<\/div><\/div>\n\n\n\n<div class=\"wp-block-column is-layout-flow wp-block-column-is-layout-flow\" style=\"flex-basis:66.66%\">\n<p>Pour acqu\u00e9rir les structures de pions, les pi\u00e8ges d&rsquo;ouverture, les r\u00e9seaux de mat les plus fr\u00e9quents et les principes du jeu d&rsquo;\u00e9checs. <br>Pour atteindre un niveau de bon joueur de Club ! Les r\u00e8gles, la tactique, la strat\u00e9gie, les d\u00e9buts de partie, les diff\u00e9rents plans du jeu d&rsquo;\u00e9checs et les diff\u00e9rentes techniques pour se d\u00e9fendre et attaquer, sont d\u00e9velopp\u00e9es. <br>Pour atteindre le niveau du joueur confirm\u00e9. Vous pourrez jouer sans crainte en comp\u00e9tition.<br><strong>Dans nos locaux, le jeudi de 14 h 30 \u00e0 17 h.<\/strong><\/p>\n<\/div>\n<\/div>\n\n\n\n<hr class=\"wp-block-separator has-alpha-channel-opacity\"\/>\n\n\n\n<p><strong>Jeux de soci\u00e9t\u00e9<\/strong><\/p>\n\n\n\n<div class=\"wp-block-columns is-layout-flex wp-container-core-columns-is-layout-9d6595d7 wp-block-columns-is-layout-flex\">\n<div class=\"wp-block-column is-layout-flow wp-block-column-is-layout-flow\" style=\"flex-basis:66.66%\">\n<p><strong>Dans nos locaux, le lundi de 14h30  \u00e0 17 h de Novembre \u00e0 Mars<\/strong><br>Si vous voulez d\u00e9couvrir ou faire d\u00e9couvrir des jeux de soci\u00e9t\u00e9 et jeux de cartes<br>&#8211; six qui prend <br>&#8211; tic toc<br>&#8211; domino train mexicain<br>&#8211; skyjo<br>&#8211; skip bo<br>&#8211; yam&rsquo;s<br>&#8211; belote<br>&#8211; nain jaune<br>&#8211; tarot<br><\/p>\n<\/div>\n\n\n\n<div class=\"wp-block-column is-layout-flow wp-block-column-is-layout-flow\" style=\"flex-basis:33.33%\"><div class=\"wp-block-image\">\n<figure class=\"aligncenter size-large is-resized\"><img loading=\"lazy\" decoding=\"async\" width=\"1024\" height=\"751\" src=\"http:\/\/jonzac-hautesaintonge-accueil.com\/wp-content\/uploads\/2023\/08\/jeux1-1-1024x751.jpg\" alt=\"\" class=\"wp-image-1581\" style=\"width:146px;height:98px\" srcset=\"https:\/\/jonzac-hautesaintonge-accueil.com\/wp-content\/uploads\/2023\/08\/jeux1-1-1024x751.jpg 1024w, https:\/\/jonzac-hautesaintonge-accueil.com\/wp-content\/uploads\/2023\/08\/jeux1-1-300x220.jpg 300w, https:\/\/jonzac-hautesaintonge-accueil.com\/wp-content\/uploads\/2023\/08\/jeux1-1-768x564.jpg 768w, https:\/\/jonzac-hautesaintonge-accueil.com\/wp-content\/uploads\/2023\/08\/jeux1-1.jpg 1300w\" sizes=\"auto, (max-width: 767px) 89vw, (max-width: 1000px) 54vw, (max-width: 1071px) 543px, 580px\" \/><\/figure>\n<\/div><\/div>\n<\/div>\n","protected":false},"excerpt":{"rendered":"<p>Scrabble D\u00e9velopper m\u00e9moire, orthographe, vocabulaire, calcul mental. Jouer en toute convivialit\u00e9. Dans nos locaux, le lundi de 15h \u00e0 18h. Jeux d&rsquo;\u00e9chec Pour acqu\u00e9rir les structures de pions, les pi\u00e8ges d&rsquo;ouverture, les r\u00e9seaux de mat les plus fr\u00e9quents et les principes du jeu d&rsquo;\u00e9checs. Pour atteindre un niveau de bon joueur de Club ! Les &hellip; <\/p>\n<p class=\"link-more\"><a href=\"https:\/\/jonzac-hautesaintonge-accueil.com\/index.php\/jeux-de-societe\/\" class=\"more-link\">Continuer la lecture<span class=\"screen-reader-text\"> de &laquo;&nbsp;Jeux de soci\u00e9t\u00e9&nbsp;&raquo;<\/span><\/a><\/p>\n","protected":false},"author":1,"featured_media":0,"parent":0,"menu_order":0,"comment_status":"closed","ping_status":"closed","template":"","meta":{"footnotes":""},"class_list":["post-10","page","type-page","status-publish","hentry"],"yoast_head":"<!-- This site is optimized with the Yoast SEO plugin v27.1.1 - https:\/\/yoast.com\/product\/yoast-seo-wordpress\/ -->\n<title>Jeux de soci\u00e9t\u00e9 - Jonzac Haute~Saintonge Accueil<\/title>\n<meta name=\"description\" content=\"Jonzac Haute-Saintonge Accueil, jeux de soci\u00e9t\u00e9\" \/>\n<meta name=\"robots\" content=\"index, follow, max-snippet:-1, max-image-preview:large, max-video-preview:-1\" \/>\n<link rel=\"canonical\" href=\"https:\/\/jonzac-hautesaintonge-accueil.com\/index.php\/jeux-de-societe\/\" \/>\n<meta property=\"og:locale\" content=\"fr_FR\" \/>\n<meta property=\"og:type\" content=\"article\" \/>\n<meta property=\"og:title\" content=\"Jonzac Haute-Saintonge Accueil\" \/>\n<meta property=\"og:description\" content=\"Jonzac Haute-Saintonge Accueil, jeux de soci\u00e9t\u00e9\" \/>\n<meta property=\"og:url\" content=\"https:\/\/jonzac-hautesaintonge-accueil.com\/index.php\/jeux-de-societe\/\" \/>\n<meta property=\"og:site_name\" content=\"Jonzac Haute~Saintonge Accueil\" \/>\n<meta property=\"article:modified_time\" content=\"2025-11-15T08:37:38+00:00\" \/>\n<meta property=\"og:image\" content=\"http:\/\/jonzac-hautesaintonge-accueil.com\/wp-content\/uploads\/2022\/10\/office-de-tourisme-de-jonzac-logo-160518794262-1.png\" \/>\n\t<meta property=\"og:image:width\" content=\"200\" \/>\n\t<meta property=\"og:image:height\" content=\"204\" \/>\n\t<meta property=\"og:image:type\" content=\"image\/png\" \/>\n<meta name=\"twitter:card\" content=\"summary_large_image\" \/>\n<meta name=\"twitter:title\" content=\"Jonzac Haute-Saintonge Accueil\" \/>\n<meta name=\"twitter:description\" content=\"Jonzac Haute-Saintonge Accueil, jeux de soci\u00e9t\u00e9\" \/>\n<meta name=\"twitter:image\" content=\"https:\/\/jonzac-hautesaintonge-accueil.com\/wp-content\/uploads\/2022\/10\/office-de-tourisme-de-jonzac-logo-160518794262-1.png\" \/>\n<meta name=\"twitter:label1\" content=\"Dur\u00e9e de lecture estim\u00e9e\" \/>\n\t<meta name=\"twitter:data1\" content=\"2 minutes\" \/>\n<script type=\"application\/ld+json\" class=\"yoast-schema-graph\">{\"@context\":\"https:\/\/schema.org\",\"@graph\":[{\"@type\":\"WebPage\",\"@id\":\"https:\/\/jonzac-hautesaintonge-accueil.com\/index.php\/jeux-de-societe\/\",\"url\":\"https:\/\/jonzac-hautesaintonge-accueil.com\/index.php\/jeux-de-societe\/\",\"name\":\"Jeux de soci\u00e9t\u00e9 - Jonzac Haute~Saintonge Accueil\",\"isPartOf\":{\"@id\":\"https:\/\/jonzac-hautesaintonge-accueil.com\/#website\"},\"primaryImageOfPage\":{\"@id\":\"https:\/\/jonzac-hautesaintonge-accueil.com\/index.php\/jeux-de-societe\/#primaryimage\"},\"image\":{\"@id\":\"https:\/\/jonzac-hautesaintonge-accueil.com\/index.php\/jeux-de-societe\/#primaryimage\"},\"thumbnailUrl\":\"http:\/\/jonzac-hautesaintonge-accueil.com\/wp-content\/uploads\/2022\/09\/scrabble126092022.jpg\",\"datePublished\":\"2022-09-02T16:29:45+00:00\",\"dateModified\":\"2025-11-15T08:37:38+00:00\",\"description\":\"Jonzac Haute-Saintonge Accueil, jeux de soci\u00e9t\u00e9\",\"breadcrumb\":{\"@id\":\"https:\/\/jonzac-hautesaintonge-accueil.com\/index.php\/jeux-de-societe\/#breadcrumb\"},\"inLanguage\":\"fr-FR\",\"potentialAction\":[{\"@type\":\"ReadAction\",\"target\":[\"https:\/\/jonzac-hautesaintonge-accueil.com\/index.php\/jeux-de-societe\/\"]}]},{\"@type\":\"ImageObject\",\"inLanguage\":\"fr-FR\",\"@id\":\"https:\/\/jonzac-hautesaintonge-accueil.com\/index.php\/jeux-de-societe\/#primaryimage\",\"url\":\"https:\/\/jonzac-hautesaintonge-accueil.com\/wp-content\/uploads\/2022\/09\/scrabble126092022.jpg\",\"contentUrl\":\"https:\/\/jonzac-hautesaintonge-accueil.com\/wp-content\/uploads\/2022\/09\/scrabble126092022.jpg\",\"width\":1011,\"height\":941},{\"@type\":\"BreadcrumbList\",\"@id\":\"https:\/\/jonzac-hautesaintonge-accueil.com\/index.php\/jeux-de-societe\/#breadcrumb\",\"itemListElement\":[{\"@type\":\"ListItem\",\"position\":1,\"name\":\"Accueil\",\"item\":\"https:\/\/jonzac-hautesaintonge-accueil.com\/\"},{\"@type\":\"ListItem\",\"position\":2,\"name\":\"Jeux de soci\u00e9t\u00e9\"}]},{\"@type\":\"WebSite\",\"@id\":\"https:\/\/jonzac-hautesaintonge-accueil.com\/#website\",\"url\":\"https:\/\/jonzac-hautesaintonge-accueil.com\/\",\"name\":\"Jonzac Haute~Saintonge Accueil\",\"description\":\"\",\"publisher\":{\"@id\":\"https:\/\/jonzac-hautesaintonge-accueil.com\/#organization\"},\"potentialAction\":[{\"@type\":\"SearchAction\",\"target\":{\"@type\":\"EntryPoint\",\"urlTemplate\":\"https:\/\/jonzac-hautesaintonge-accueil.com\/?s={search_term_string}\"},\"query-input\":{\"@type\":\"PropertyValueSpecification\",\"valueRequired\":true,\"valueName\":\"search_term_string\"}}],\"inLanguage\":\"fr-FR\"},{\"@type\":\"Organization\",\"@id\":\"https:\/\/jonzac-hautesaintonge-accueil.com\/#organization\",\"name\":\"Jonzac Haute~Saintonge Accueil\",\"url\":\"https:\/\/jonzac-hautesaintonge-accueil.com\/\",\"logo\":{\"@type\":\"ImageObject\",\"inLanguage\":\"fr-FR\",\"@id\":\"https:\/\/jonzac-hautesaintonge-accueil.com\/#\/schema\/logo\/image\/\",\"url\":\"http:\/\/jonzac-hautesaintonge-accueil.com\/wp-content\/uploads\/2022\/10\/office-de-tourisme-de-jonzac-logo-160518794262-1.png\",\"contentUrl\":\"http:\/\/jonzac-hautesaintonge-accueil.com\/wp-content\/uploads\/2022\/10\/office-de-tourisme-de-jonzac-logo-160518794262-1.png\",\"width\":200,\"height\":204,\"caption\":\"Jonzac Haute~Saintonge Accueil\"},\"image\":{\"@id\":\"https:\/\/jonzac-hautesaintonge-accueil.com\/#\/schema\/logo\/image\/\"}}]}<\/script>\n<!-- \/ Yoast SEO plugin. -->","yoast_head_json":{"title":"Jeux de soci\u00e9t\u00e9 - Jonzac Haute~Saintonge Accueil","description":"Jonzac Haute-Saintonge Accueil, jeux de soci\u00e9t\u00e9","robots":{"index":"index","follow":"follow","max-snippet":"max-snippet:-1","max-image-preview":"max-image-preview:large","max-video-preview":"max-video-preview:-1"},"canonical":"https:\/\/jonzac-hautesaintonge-accueil.com\/index.php\/jeux-de-societe\/","og_locale":"fr_FR","og_type":"article","og_title":"Jonzac Haute-Saintonge Accueil","og_description":"Jonzac Haute-Saintonge Accueil, jeux de soci\u00e9t\u00e9","og_url":"https:\/\/jonzac-hautesaintonge-accueil.com\/index.php\/jeux-de-societe\/","og_site_name":"Jonzac Haute~Saintonge Accueil","article_modified_time":"2025-11-15T08:37:38+00:00","og_image":[{"width":200,"height":204,"url":"http:\/\/jonzac-hautesaintonge-accueil.com\/wp-content\/uploads\/2022\/10\/office-de-tourisme-de-jonzac-logo-160518794262-1.png","type":"image\/png"}],"twitter_card":"summary_large_image","twitter_title":"Jonzac Haute-Saintonge Accueil","twitter_description":"Jonzac Haute-Saintonge Accueil, jeux de soci\u00e9t\u00e9","twitter_image":"https:\/\/jonzac-hautesaintonge-accueil.com\/wp-content\/uploads\/2022\/10\/office-de-tourisme-de-jonzac-logo-160518794262-1.png","twitter_misc":{"Dur\u00e9e de lecture estim\u00e9e":"2 minutes"},"schema":{"@context":"https:\/\/schema.org","@graph":[{"@type":"WebPage","@id":"https:\/\/jonzac-hautesaintonge-accueil.com\/index.php\/jeux-de-societe\/","url":"https:\/\/jonzac-hautesaintonge-accueil.com\/index.php\/jeux-de-societe\/","name":"Jeux de soci\u00e9t\u00e9 - Jonzac Haute~Saintonge Accueil","isPartOf":{"@id":"https:\/\/jonzac-hautesaintonge-accueil.com\/#website"},"primaryImageOfPage":{"@id":"https:\/\/jonzac-hautesaintonge-accueil.com\/index.php\/jeux-de-societe\/#primaryimage"},"image":{"@id":"https:\/\/jonzac-hautesaintonge-accueil.com\/index.php\/jeux-de-societe\/#primaryimage"},"thumbnailUrl":"http:\/\/jonzac-hautesaintonge-accueil.com\/wp-content\/uploads\/2022\/09\/scrabble126092022.jpg","datePublished":"2022-09-02T16:29:45+00:00","dateModified":"2025-11-15T08:37:38+00:00","description":"Jonzac Haute-Saintonge Accueil, jeux de soci\u00e9t\u00e9","breadcrumb":{"@id":"https:\/\/jonzac-hautesaintonge-accueil.com\/index.php\/jeux-de-societe\/#breadcrumb"},"inLanguage":"fr-FR","potentialAction":[{"@type":"ReadAction","target":["https:\/\/jonzac-hautesaintonge-accueil.com\/index.php\/jeux-de-societe\/"]}]},{"@type":"ImageObject","inLanguage":"fr-FR","@id":"https:\/\/jonzac-hautesaintonge-accueil.com\/index.php\/jeux-de-societe\/#primaryimage","url":"https:\/\/jonzac-hautesaintonge-accueil.com\/wp-content\/uploads\/2022\/09\/scrabble126092022.jpg","contentUrl":"https:\/\/jonzac-hautesaintonge-accueil.com\/wp-content\/uploads\/2022\/09\/scrabble126092022.jpg","width":1011,"height":941},{"@type":"BreadcrumbList","@id":"https:\/\/jonzac-hautesaintonge-accueil.com\/index.php\/jeux-de-societe\/#breadcrumb","itemListElement":[{"@type":"ListItem","position":1,"name":"Accueil","item":"https:\/\/jonzac-hautesaintonge-accueil.com\/"},{"@type":"ListItem","position":2,"name":"Jeux de soci\u00e9t\u00e9"}]},{"@type":"WebSite","@id":"https:\/\/jonzac-hautesaintonge-accueil.com\/#website","url":"https:\/\/jonzac-hautesaintonge-accueil.com\/","name":"Jonzac Haute~Saintonge Accueil","description":"","publisher":{"@id":"https:\/\/jonzac-hautesaintonge-accueil.com\/#organization"},"potentialAction":[{"@type":"SearchAction","target":{"@type":"EntryPoint","urlTemplate":"https:\/\/jonzac-hautesaintonge-accueil.com\/?s={search_term_string}"},"query-input":{"@type":"PropertyValueSpecification","valueRequired":true,"valueName":"search_term_string"}}],"inLanguage":"fr-FR"},{"@type":"Organization","@id":"https:\/\/jonzac-hautesaintonge-accueil.com\/#organization","name":"Jonzac Haute~Saintonge Accueil","url":"https:\/\/jonzac-hautesaintonge-accueil.com\/","logo":{"@type":"ImageObject","inLanguage":"fr-FR","@id":"https:\/\/jonzac-hautesaintonge-accueil.com\/#\/schema\/logo\/image\/","url":"http:\/\/jonzac-hautesaintonge-accueil.com\/wp-content\/uploads\/2022\/10\/office-de-tourisme-de-jonzac-logo-160518794262-1.png","contentUrl":"http:\/\/jonzac-hautesaintonge-accueil.com\/wp-content\/uploads\/2022\/10\/office-de-tourisme-de-jonzac-logo-160518794262-1.png","width":200,"height":204,"caption":"Jonzac Haute~Saintonge Accueil"},"image":{"@id":"https:\/\/jonzac-hautesaintonge-accueil.com\/#\/schema\/logo\/image\/"}}]}},"_links":{"self":[{"href":"https:\/\/jonzac-hautesaintonge-accueil.com\/index.php\/wp-json\/wp\/v2\/pages\/10","targetHints":{"allow":["GET"]}}],"collection":[{"href":"https:\/\/jonzac-hautesaintonge-accueil.com\/index.php\/wp-json\/wp\/v2\/pages"}],"about":[{"href":"https:\/\/jonzac-hautesaintonge-accueil.com\/index.php\/wp-json\/wp\/v2\/types\/page"}],"author":[{"embeddable":true,"href":"https:\/\/jonzac-hautesaintonge-accueil.com\/index.php\/wp-json\/wp\/v2\/users\/1"}],"replies":[{"embeddable":true,"href":"https:\/\/jonzac-hautesaintonge-accueil.com\/index.php\/wp-json\/wp\/v2\/comments?post=10"}],"version-history":[{"count":36,"href":"https:\/\/jonzac-hautesaintonge-accueil.com\/index.php\/wp-json\/wp\/v2\/pages\/10\/revisions"}],"predecessor-version":[{"id":4384,"href":"https:\/\/jonzac-hautesaintonge-accueil.com\/index.php\/wp-json\/wp\/v2\/pages\/10\/revisions\/4384"}],"wp:attachment":[{"href":"https:\/\/jonzac-hautesaintonge-accueil.com\/index.php\/wp-json\/wp\/v2\/media?parent=10"}],"curies":[{"name":"wp","href":"https:\/\/api.w.org\/{rel}","templated":true}]}}